{"id":9756,"date":"2019-06-15T18:19:24","date_gmt":"2019-06-16T00:19:24","guid":{"rendered":"http:\/\/moriahjovan.com\/talesofdunham\/?page_id=9756"},"modified":"2026-04-01T00:59:13","modified_gmt":"2026-04-01T05:59:13","slug":"1520-main-soundtrack","status":"publish","type":"page","link":"https:\/\/moriahjovan.com\/talesofdunham\/extras\/music\/1520-main-soundtrack\/","title":{"rendered":"1520 Main"},"content":{"rendered":"<div class=\"top30\">\n<div class=\"bottom20\"><span class=\"biob\"><span class=\"big135\">Whisky &#038; Sweet Tea<\/span><\/span><\/div>\n<\/div>\n<div class=\"center\"><iframe loading=\"lazy\" width=\"560\" height=\"315\" src=\"https:\/\/www.youtube.com\/embed\/videoseries?si=rBM2mGtT9LUr1ll7&amp;list=PLPgKFewSWn-xzInfb-Qi-ncNBQYGw7-It\" title=\"YouTube video player\" frameborder=\"0\" allow=\"accelerometer; autoplay; clipboard-write; encrypted-media; gyroscope; picture-in-picture; web-share\" referrerpolicy=\"strict-origin-when-cross-origin\" allowfullscreen><\/iframe><\/div>\n<div class=\"top15\">\n<div class=\"bottom0\">\n<div class=\"left8\"><span class=\"cat\"><a href=\"https:\/\/www.youtube.com\/watch?v=Wc4tT-55ZzI\" target=\"_blank\" rel=\"noopener noreferrer\"><em>Elevator to the Gallows<\/em><\/a> [full album] (Miles Davis)<\/span><\/div>\n<\/div>\n<\/div>\n<div class=\"top0\">\n<div class=\"left12\">\n<span class=\"cat\">G\u00e9n\u00e9rique<br \/>\nL\u2019Assassinat De Carala<br \/>\nSur L\u2019Autoroute<br \/>\nJulien Dans L\u2019Ascenseur<br \/>\nFlorence Sur Les Champs-\u00c9lys\u00e9es<br \/>\nD\u00eener Au Motel<br \/>\n\u00c9vasion De Julien<br \/>\nVisite Du Vigile<br \/>\nAu Bar Du Petit Bac<br \/>\nChez Le Photographe Du Motel<br \/>\nNuit Sur Les Champs-\u00c9lys\u00e9es (Take 1)<br \/>\nNuit Sur Les Champs-\u00c9lys\u00e9es (Take 2)<br \/>\nNuit Sur Les Champs-\u00c9lys\u00e9es (Take 3)<br \/>\nNuit Sur Les Champs-\u00c9lys\u00e9es (Take 4)<br \/>\nAssassinat (Take 1)<br \/>\nAssassinat (Take 2)<br \/>\nAssassinat (Take 3)<br \/>\nMotel (Diner Au Motel)<br \/>\nFinal (Take 1)<br \/>\nFinal (Take 2)<br \/>\nFinal (Take 3)<br \/>\nAscenseur (Evasion De Julien)<br \/>\nLe Petit Bal (Take 1)<br \/>\nLe Petit Bal (Take 2)<br \/>\nS\u00e9quence Voiture (Take 1)<br \/>\nS\u00e9quence (Take 2)<\/span>\n<\/div>\n<\/div>\n<div class=\"top15\">\n<div class=\"left8\">\n<span class=\"cat\"><a href=\"https:\/\/www.youtube.com\/watch?v=lmOhNyitewI\" target=\"_blank\" rel=\"noopener noreferrer\">Love Theme from <em>Chinatown<\/em><\/a> (Jerry Goldsmith)<br \/>\n<a href=\"https:\/\/www.youtube.com\/watch?v=DeumyOzKqgI\" target=\"_blank\" rel=\"noopener noreferrer\">Skyfall<\/a> (Adele)<br \/>\n<a href=\"https:\/\/www.youtube.com\/watch?v=gSR2hCO7NTs\" target=\"_blank\" rel=\"noopener noreferrer\">Table for One<\/a> (Andrea Baker)<br \/>\n<\/span><\/div>\n<\/div>\n<div class=\"top15\">\n<div class=\"left8\">\n<span class=\"cat\"><a href=\"https:\/\/www.youtube.com\/watch?v=kbrhuUFjCII\" target=\"_blank\" rel=\"noopener noreferrer\"><em>L.A. Noire<\/em><\/a> [full album] (Andrew Hale)<\/span><\/div>\n<\/div>\n<div class=\"top0\">\n<div class=\"left12\">\n<span class=\"cat\">Main Theme<br \/>\nNoire Clarinet<br \/>\nJ.J.<br \/>\nSlow Brood<br \/>\nMain Theme Redux<br \/>\n<\/span><\/div>\n<\/div>\n<div class=\"top15\">\n<div class=\"left8\">\n<span class=\"cat\"><a href=\"https:\/\/www.youtube.com\/watch?v=OIkUXRPkxpI\" target=\"_blank\" rel=\"noopener noreferrer\">Dreamsville<\/a> (Diana Krall)<br \/>\n<a href=\"https:\/\/www.youtube.com\/watch?v=8C5NLfYdZaE\" target=\"_blank\" rel=\"noopener noreferrer\">The World is Not Enough<\/a> (Garbage)<br \/>\n<a href=\"https:\/\/www.youtube.com\/watch?v=ZnSbrx5YByY\" target=\"_blank\" rel=\"noopener noreferrer\">Licence to Kill<\/a> (Gladys Knight)<br \/>\n<a href=\"https:\/\/www.youtube.com\/watch?v=Hn1sKPeT4to\" target=\"_blank\" rel=\"noopener noreferrer\">Body Heat<\/a> (John Barry)<br \/>\n<a href=\"https:\/\/www.youtube.com\/watch?v=zNVuRFxyuio\" target=\"_blank\" rel=\"noopener noreferrer\">Come to Me High<\/a> (Rumer)<br \/>\n<a href=\"https:\/\/www.youtube.com\/watch?v=jvYUfwMBCrU\" target=\"_blank\" rel=\"noopener noreferrer\">Slow<\/a> (Rumer)<br \/>\n<a href=\"https:\/\/www.youtube.com\/watch?v=rdq4uE4bJjc\" target=\"_blank\" rel=\"noopener noreferrer\">Theme from <em>Summer of \u201942<\/em><\/a> (Percy Faith Orchestra)<br \/>\n<a href=\"https:\/\/www.youtube.com\/watch?v=KelraygLn2g\" target=\"_blank\" rel=\"noopener noreferrer\">I\u2019ve Got a Crush on You<\/a> (Linda Ronstadt)<br \/>\n<a href=\"https:\/\/www.youtube.com\/watch?v=0bqwxvGhVPM\" target=\"_blank\" rel=\"noopener noreferrer\">Sophisticated Lady<\/a> (Linda Ronstadt)<br \/>\n<a href=\"https:\/\/www.youtube.com\/watch?v=K2BHzF-HUww\" target=\"_blank\" rel=\"noopener noreferrer\">You Took Advantage of Me<\/a> (Linda Ronstadt)<br \/>\n<\/span><\/div>\n<\/div>\n<div class=\"top15\">\n<div class=\"left8\">\n<span class=\"cat\"><a href=\"https:\/\/www.youtube.com\/watch?v=kbrhuUFjCII\" target=\"_blank\" rel=\"noopener noreferrer\"><em>Kind of Blue<\/em><\/a> [full album] (Miles Davis)<\/span><\/div>\n<\/div>\n<div class=\"top0\">\n<div class=\"left12\">\n<span class=\"cat\">So What<br \/>\nFreddie Freeloader<br \/>\nBlue in Green<br \/>\nAll Blues<br \/>\nFlamenco Sketches<br \/>\nFlamenco Sketches -alternate take-<br \/>\n<\/span><\/div>\n<\/div>\n<div class=\"top15\">\n<div class=\"left8\">\n<span class=\"cat\"><a href=\"https:\/\/www.youtube.com\/watch?v=Mit3Bw36BYU\" target=\"_blank\" rel=\"noopener noreferrer\"><em>You Must Believe in Spring<\/em><\/a> (Bill Evans)<\/span><\/div>\n<\/div>\n<div class=\"top0\">\n<div class=\"left12\">\n<span class=\"cat\">B Minor Waltz (for Ellaine)<br \/>\nYou Must Believe in Spring<br \/>\nGary\u2019s Theme<br \/>\nWe Will Meet Again (for Harry)<br \/>\nThe Peacocks<br \/>\nSometime Ago<br \/>\nSuicide is Painless [M*A*S*H] -instrumental-<br \/>\nWithout a Song<br \/>\nFreddie Freeloader<br \/>\nAll of You<br \/>\n<\/span><\/div>\n<\/div>\n<div class=\"top15\">\n<div class=\"left8\">\n<span class=\"cat\"><a href=\"https:\/\/www.youtube.com\/watch?v=fQhZDmYuzq4\" target=\"_blank\" rel=\"noopener noreferrer\">Black Coffee<\/a> (Andrea Baker)<br \/>\n<a href=\"https:\/\/www.youtube.com\/watch?v=TZ0FyBGVdu8\" target=\"_blank\" rel=\"noopener noreferrer\">Love theme from <em>Chinatown<\/em><\/a>  [end credits](Jerry Goldsmith)<br \/>\n<a href=\"https:\/\/www.youtube.com\/watch?v=kf0oQpjV9Tc\" target=\"_blank\" rel=\"noopener noreferrer\">Cold Lips<\/a> (NinjaBaka)<br \/>\n<a href=\"https:\/\/www.youtube.com\/watch?v=yvVP7W6BGuc\" target=\"_blank\" rel=\"noopener noreferrer\">Last Tango in Paris Suite<\/a> (Naoko Terai)<br \/>\n<a href=\"https:\/\/youtu.be\/CrUThz7anB0\" target=\"_blank\" rel=\"noopener noreferrer\">Round Midnight<\/a> (Herbie Hancock)<br \/>\n<\/span><\/div>\n<\/div>\n<div class=\"top15\">\n<div class=\"audio-inline\"><div class=\"compact_audio_player_wrapper\"><div class=\"sc_player_container1\"><input type=\"button\" id=\"btnplay_69e02370d17528.63412809\" class=\"myButton_play\" onClick=\"play_mp3('play','69e02370d17528.63412809','https:\/\/moriahjovan.com\/music\/AmonTobin_EasyMuffin.mp3','80','false');show_hide('play','69e02370d17528.63412809');\" \/><input type=\"button\"  id=\"btnstop_69e02370d17528.63412809\" style=\"display:none\" class=\"myButton_stop\" onClick=\"play_mp3('stop','69e02370d17528.63412809','','80','false');show_hide('stop','69e02370d17528.63412809');\" \/><div id=\"sm2-container\"><!-- flash movie ends up here --><\/div><\/div><\/div> <span>\u201cEasy Muffin\u201d Amon Tobin<\/span><\/div>\n<\/div>\n<div class=\"top60\">\n<div class=\"bottom20\"><span class=\"biob\"><span class=\"big135\">Peanuts &#038; Crackerjacks<\/span><\/span><\/div>\n<\/div>\n<div class=\"tb15\">\n<div class=\"center\"><iframe loading=\"lazy\" width=\"560\" height=\"315\" src=\"https:\/\/www.youtube.com\/embed\/videoseries?si=JtLM9VmWiSEvvqrh&amp;list=PLPgKFewSWn-wlZ1fnVS2ZnxhSTbFcFtxg\" title=\"YouTube video player\" frameborder=\"0\" allow=\"accelerometer; autoplay; clipboard-write; encrypted-media; gyroscope; picture-in-picture; web-share\" referrerpolicy=\"strict-origin-when-cross-origin\" allowfullscreen><\/iframe><\/div>\n<\/div>\n<div class=\"top15\">\n<div class=\"left8\">\n<span class=\"cat\"><a href=\"https:\/\/www.youtube.com\/watch?v=Rz2XRqoQqoA\" target=\"_blank\" rel=\"noopener noreferrer\">St. James Ballroom<\/a> (Alice Francis)<br \/>\n<a href=\"https:\/\/www.youtube.com\/watch?v=-xE6nONHbV4\" target=\"_blank\" rel=\"noopener noreferrer\">Shoot Him Down<\/a> (Alice Francis)<br \/>\n<a href=\"https:\/\/www.youtube.com\/watch?v=Y_RvfQrNhiE\" target=\"_blank\" rel=\"noopener noreferrer\">Gangsterlove<\/a> (Alice Francis)<br \/>\n<a href=\"https:\/\/www.youtube.com\/watch?v=FALYmqt-7TQ\" target=\"_blank\" rel=\"noopener noreferrer\">Gimme That Swing<\/a> (Cissie Redgwick)<br \/>\n<a href=\"https:\/\/www.youtube.com\/watch?v=n8Wx80TZ8OQ\" target=\"_blank\" rel=\"noopener noreferrer\">Bad Boy Good Man<\/a> (Tape Five)<br \/>\n<a href=\"https:\/\/www.youtube.com\/watch?v=WGhAWQoVwys\" target=\"_blank\" rel=\"noopener noreferrer\">Dixie Biscuit<\/a> (Tape Five)<br \/>\n<a href=\"https:\/\/www.youtube.com\/watch?v=qCRO964l_nE\" target=\"_blank\" rel=\"noopener noreferrer\">A Cool Cat in Town<\/a> (Tape Five)<br \/>\n<a href=\"https:\/\/www.youtube.com\/watch?v=yTqtAC4Dw4o\" target=\"_blank\" rel=\"noopener noreferrer\">Madame Coquette<\/a> (Tape Five)<br \/>\n<a href=\"https:\/\/www.youtube.com\/watch?v=Mo9t5F91hVs\" target=\"_blank\" rel=\"noopener noreferrer\">Pantaloons<\/a>  (Tape Five)<br \/>\n<a href=\"https:\/\/www.youtube.com\/watch?v=0cdNx90K2mY\" target=\"_blank\" rel=\"noopener noreferrer\">Glam!<\/a> (Dimie Cat)<br \/>\n<a href=\"https:\/\/www.youtube.com\/watch?v=sFhVONZq5QM\" target=\"_blank\" rel=\"noopener noreferrer\">Crazy Swing<\/a> (Deladap)<br \/>\n<a href=\"https:\/\/www.youtube.com\/watch?v=Wa_brbfZ-kA\" target=\"_blank\" rel=\"noopener noreferrer\">Hoochie Coochie Girls<\/a> (Circus Contraption)<br \/>\n<a href=\"https:\/\/www.youtube.com\/watch?v=YA_8ynN7W0E\" target=\"_blank\" rel=\"noopener noreferrer\">No Swinging in Your Walking<\/a> (Black Cat Zoot)<br \/>\n<a href=\"https:\/\/www.youtube.com\/watch?v=A6f_Chf8l_0\" target=\"_blank\" rel=\"noopener noreferrer\">Dirty Dance<\/a> (Black Cat Zoot)<br \/>\n<a href=\"https:\/\/www.youtube.com\/watch?v=lN9DcEEBc6Y\" target=\"_blank\" rel=\"noopener noreferrer\">Shake that Bone<\/a> (Black Cat Zoot &#038; Dr. Ring Ding)<br \/>\n<a href=\"https:\/\/www.youtube.com\/watch?v=TEWuZ0QBvlo\" target=\"_blank\" rel=\"noopener noreferrer\">Jumpin\u2019 Jack<\/a> (Big Bad Voodoo Daddy)<br \/>\n<a href=\"https:\/\/www.youtube.com\/watch?v=r2S1I_ien6A\" target=\"_blank\" rel=\"noopener noreferrer\">Sing, Sing, Sing<\/a> (Benny Goodman)<br \/>\n<\/span><\/div>\n<\/div>\n<div class=\"top60\">\n<div class=\"bottom20\"><span class=\"biob\"><span class=\"big135\">Violins &#038; French Horns<\/span><\/span><\/div>\n<\/div>\n<div class=\"tb15\">\n<div class=\"center\"><iframe loading=\"lazy\" width=\"560\" height=\"315\" src=\"https:\/\/www.youtube.com\/embed\/videoseries?si=fstHmtkoKSZP0OqH&amp;list=PLPgKFewSWn-yUiYy11pC3iQqdBMdIsICv\" title=\"YouTube video player\" frameborder=\"0\" allow=\"accelerometer; autoplay; clipboard-write; encrypted-media; gyroscope; picture-in-picture; web-share\" referrerpolicy=\"strict-origin-when-cross-origin\" allowfullscreen><\/iframe><\/div>\n<\/div>\n<div class=\"top15\">\n<div class=\"left8\">\n<span class=\"cat\"><a href=\"https:\/\/www.youtube.com\/watch?v=cH2PH0auTUU\" target=\"_blank\" rel=\"noopener noreferrer\"><em>Rhapsody in Blue<\/em><\/a> (George Gershwin)<br \/>\n<a href=\"https:\/\/www.youtube.com\/watch?v=KU1X3Wut-k0\" target=\"_blank\" rel=\"noopener noreferrer\"><em>An American in Paris<\/em><\/a> (George Gershwin)<br \/>\n<a href=\"https:\/\/www.youtube.com\/watch?v=MDxKtkkbE7w\" target=\"_blank\" rel=\"noopener noreferrer\">Concerto in F Major<\/a> (George Gershwin)<br \/>\n<\/span><\/div>\n<\/div>\n<div class=\"date\">20260401<\/div>\n","protected":false},"excerpt":{"rendered":"<p>Whisky &#038; Sweet Tea Elevator to the Gallows [full album] (Miles Davis) G\u00e9n\u00e9rique L\u2019Assassinat De Carala Sur L\u2019Autoroute Julien Dans L\u2019Ascenseur Florence Sur Les Champs-\u00c9lys\u00e9es D\u00eener Au Motel \u00c9vasion De Julien Visite Du Vigile Au Bar Du Petit Bac Chez Le Photographe Du Motel Nuit Sur Les Champs-\u00c9lys\u00e9es (Take 1) Nuit Sur Les Champs-\u00c9lys\u00e9es (Take [&hellip;]<\/p>\n","protected":false},"author":1,"featured_media":0,"parent":2595,"menu_order":449,"comment_status":"closed","ping_status":"closed","template":"","meta":{"ngg_post_thumbnail":0,"footnotes":""},"class_list":["post-9756","page","type-page","status-publish","hentry"],"_links":{"self":[{"href":"https:\/\/moriahjovan.com\/talesofdunham\/wp-json\/wp\/v2\/pages\/9756"}],"collection":[{"href":"https:\/\/moriahjovan.com\/talesofdunham\/wp-json\/wp\/v2\/pages"}],"about":[{"href":"https:\/\/moriahjovan.com\/talesofdunham\/wp-json\/wp\/v2\/types\/page"}],"author":[{"embeddable":true,"href":"https:\/\/moriahjovan.com\/talesofdunham\/wp-json\/wp\/v2\/users\/1"}],"replies":[{"embeddable":true,"href":"https:\/\/moriahjovan.com\/talesofdunham\/wp-json\/wp\/v2\/comments?post=9756"}],"version-history":[{"count":108,"href":"https:\/\/moriahjovan.com\/talesofdunham\/wp-json\/wp\/v2\/pages\/9756\/revisions"}],"predecessor-version":[{"id":25748,"href":"https:\/\/moriahjovan.com\/talesofdunham\/wp-json\/wp\/v2\/pages\/9756\/revisions\/25748"}],"up":[{"embeddable":true,"href":"https:\/\/moriahjovan.com\/talesofdunham\/wp-json\/wp\/v2\/pages\/2595"}],"wp:attachment":[{"href":"https:\/\/moriahjovan.com\/talesofdunham\/wp-json\/wp\/v2\/media?parent=9756"}],"curies":[{"name":"wp","href":"https:\/\/api.w.org\/{rel}","templated":true}]}}