{"id":6217,"date":"2015-05-23T01:12:14","date_gmt":"2015-05-23T06:12:14","guid":{"rendered":"http:\/\/moriahjovan.com\/talesofdunham\/?page_id=6217"},"modified":"2026-03-30T12:46:02","modified_gmt":"2026-03-30T17:46:02","slug":"site-map","status":"publish","type":"page","link":"https:\/\/moriahjovan.com\/talesofdunham\/site-map\/","title":{"rendered":"SITE MAP"},"content":{"rendered":"<div class=\"top20\">\n<!-- Page-list plugin v.5.9 wordpress.org\/plugins\/page-list\/ -->\n<ul class=\"page-list \">\n<li class=\"page_item page-item-7666\"><a href=\"https:\/\/moriahjovan.com\/talesofdunham\/moriahjovan\/\">THE PUPPET MISTRESS<\/a><\/li>\n<li class=\"page_item page-item-3187 current_page_parent\"><a href=\"https:\/\/moriahjovan.com\/talesofdunham\/blog\/\">MORIAH&#8217;S MUSINGS<\/a><\/li>\n<li class=\"page_item page-item-18726 page_item_has_children\"><a href=\"https:\/\/moriahjovan.com\/talesofdunham\/\">A CLASSIC FAMILY SAGA<\/a>\n<ul class='children'>\n\t<li class=\"page_item page-item-1353 page_item_has_children\"><a href=\"https:\/\/moriahjovan.com\/talesofdunham\/thebooks\/theproviso\/\">THE PROVISO<\/a>\n\t<ul class='children'>\n\t\t<li class=\"page_item page-item-24931\"><a href=\"https:\/\/moriahjovan.com\/talesofdunham\/thebooks\/theproviso\/the-proviso-free-dl\/\">The Proviso FREE DL<\/a><\/li>\n\t<\/ul>\n<\/li>\n\t<li class=\"page_item page-item-1349 page_item_has_children\"><a href=\"https:\/\/moriahjovan.com\/talesofdunham\/thebooks\/stay\/\">STAY<\/a>\n\t<ul class='children'>\n\t\t<li class=\"page_item page-item-24933\"><a href=\"https:\/\/moriahjovan.com\/talesofdunham\/thebooks\/stay\/stay-free-dl\/\">Stay FREE DL<\/a><\/li>\n\t<\/ul>\n<\/li>\n\t<li class=\"page_item page-item-1351 page_item_has_children\"><a href=\"https:\/\/moriahjovan.com\/talesofdunham\/thebooks\/magdalene\/\">MAGDALENE<\/a>\n\t<ul class='children'>\n\t\t<li class=\"page_item page-item-24935\"><a href=\"https:\/\/moriahjovan.com\/talesofdunham\/thebooks\/magdalene\/magdalene-free-dl\/\">Magdalene FREE DL<\/a><\/li>\n\t<\/ul>\n<\/li>\n\t<li class=\"page_item page-item-2183 page_item_has_children\"><a href=\"https:\/\/moriahjovan.com\/talesofdunham\/thebooks\/dunham\/\">DUNHAM<\/a>\n\t<ul class='children'>\n\t\t<li class=\"page_item page-item-24937\"><a href=\"https:\/\/moriahjovan.com\/talesofdunham\/thebooks\/dunham\/dunham-free-dl\/\">Dunham FREE DL<\/a><\/li>\n\t<\/ul>\n<\/li>\n\t<li class=\"page_item page-item-3862 page_item_has_children\"><a href=\"https:\/\/moriahjovan.com\/talesofdunham\/thebooks\/pasodoble\/\">PASO DOBLE<\/a>\n\t<ul class='children'>\n\t\t<li class=\"page_item page-item-24939\"><a href=\"https:\/\/moriahjovan.com\/talesofdunham\/thebooks\/pasodoble\/paso-doble-free-dl\/\">Paso Doble FREE DL<\/a><\/li>\n\t<\/ul>\n<\/li>\n\t<li class=\"page_item page-item-3800 page_item_has_children\"><a href=\"https:\/\/moriahjovan.com\/talesofdunham\/thebooks\/weweregods\/\">WE WERE GODS<\/a>\n\t<ul class='children'>\n\t\t<li class=\"page_item page-item-24941\"><a href=\"https:\/\/moriahjovan.com\/talesofdunham\/thebooks\/weweregods\/we-were-gods-free-dl\/\">We Were Gods FREE DL<\/a><\/li>\n\t<\/ul>\n<\/li>\n\t<li class=\"page_item page-item-4332 page_item_has_children\"><a href=\"https:\/\/moriahjovan.com\/talesofdunham\/thebooks\/blackjack\/\">BLACK JACK<\/a>\n\t<ul class='children'>\n\t\t<li class=\"page_item page-item-24943\"><a href=\"https:\/\/moriahjovan.com\/talesofdunham\/thebooks\/blackjack\/black-jack-free-dl\/\">Black Jack FREE DL<\/a><\/li>\n\t<\/ul>\n<\/li>\n\t<li class=\"page_item page-item-4330 page_item_has_children\"><a href=\"https:\/\/moriahjovan.com\/talesofdunham\/thebooks\/lionsshare\/\">LION\u2019S SHARE<\/a>\n\t<ul class='children'>\n\t\t<li class=\"page_item page-item-24945\"><a href=\"https:\/\/moriahjovan.com\/talesofdunham\/thebooks\/lionsshare\/lions-share-free-dl\/\">Lion\u2019s Share FREE DL<\/a><\/li>\n\t<\/ul>\n<\/li>\n\t<li class=\"page_item page-item-9459 page_item_has_children\"><a href=\"https:\/\/moriahjovan.com\/talesofdunham\/thebooks\/1520main\/\">1520 MAIN<\/a>\n\t<ul class='children'>\n\t\t<li class=\"page_item page-item-24947\"><a href=\"https:\/\/moriahjovan.com\/talesofdunham\/thebooks\/1520main\/1520-main-free-dl\/\">1520 Main FREE DL<\/a><\/li>\n\t<\/ul>\n<\/li>\n\t<li class=\"page_item page-item-1908\"><a href=\"https:\/\/moriahjovan.com\/talesofdunham\/thebooks\/rag\/\">TWENTY-DOLLAR RAG<\/a><\/li>\n<\/ul>\n<\/li>\n<li class=\"page_item page-item-2591 page_item_has_children\"><a href=\"https:\/\/moriahjovan.com\/talesofdunham\/extras\/\">EXTRAS<\/a>\n<ul class='children'>\n\t<li class=\"page_item page-item-3073 page_item_has_children\"><a href=\"https:\/\/moriahjovan.com\/talesofdunham\/extras\/vignettes-outtakes\/\">Vignettes, Outtakes, &#038; Backstory<\/a>\n\t<ul class='children'>\n\t\t<li class=\"page_item page-item-39 page_item_has_children\"><a href=\"https:\/\/moriahjovan.com\/talesofdunham\/extras\/vignettes-outtakes\/dirty-little-secrets\/\">Dirty Little Secrets<\/a>\n\t\t<ul class='children'>\n\t\t\t<li class=\"page_item page-item-134\"><a href=\"https:\/\/moriahjovan.com\/talesofdunham\/extras\/vignettes-outtakes\/dirty-little-secrets\/elder-kenard\/\">Elder Kenard<\/a><\/li>\n\t\t\t<li class=\"page_item page-item-116\"><a href=\"https:\/\/moriahjovan.com\/talesofdunham\/extras\/vignettes-outtakes\/dirty-little-secrets\/jordache-jeans\/\">Jordache Jeans<\/a><\/li>\n\t\t\t<li class=\"page_item page-item-145\"><a href=\"https:\/\/moriahjovan.com\/talesofdunham\/extras\/vignettes-outtakes\/dirty-little-secrets\/atlas-shrugged\/\">Atlas Shrugged<\/a><\/li>\n\t\t\t<li class=\"page_item page-item-9211\"><a href=\"https:\/\/moriahjovan.com\/talesofdunham\/extras\/vignettes-outtakes\/dirty-little-secrets\/remington-steele\/\">Remington Steele<\/a><\/li>\n\t\t\t<li class=\"page_item page-item-362\"><a href=\"https:\/\/moriahjovan.com\/talesofdunham\/extras\/vignettes-outtakes\/dirty-little-secrets\/25-to-life\/\">25 to Life<\/a><\/li>\n\t\t\t<li class=\"page_item page-item-13099\"><a href=\"https:\/\/moriahjovan.com\/talesofdunham\/extras\/vignettes-outtakes\/dirty-little-secrets\/filthy-lucre\/\">Filthy Lucre<\/a><\/li>\n\t\t\t<li class=\"page_item page-item-873\"><a href=\"https:\/\/moriahjovan.com\/talesofdunham\/extras\/vignettes-outtakes\/dirty-little-secrets\/john-316\/\">John 3:16<\/a><\/li>\n\t\t\t<li class=\"page_item page-item-855\"><a href=\"https:\/\/moriahjovan.com\/talesofdunham\/extras\/vignettes-outtakes\/dirty-little-secrets\/the-stone-was-rolled-away\/\">The Stone Was Rolled Away<\/a><\/li>\n\t\t\t<li class=\"page_item page-item-259\"><a href=\"https:\/\/moriahjovan.com\/talesofdunham\/extras\/vignettes-outtakes\/dirty-little-secrets\/july-14-2001\/\">July 14, 2001<\/a><\/li>\n\t\t\t<li class=\"page_item page-item-8159\"><a href=\"https:\/\/moriahjovan.com\/talesofdunham\/extras\/vignettes-outtakes\/dirty-little-secrets\/47th-broadway\/\">47th &#038; Broadway<\/a><\/li>\n\t\t\t<li class=\"page_item page-item-496\"><a href=\"https:\/\/moriahjovan.com\/talesofdunham\/extras\/vignettes-outtakes\/dirty-little-secrets\/the-law-of-unintended-consequences\/\">The Law of Unintended Consequences<\/a><\/li>\n\t\t\t<li class=\"page_item page-item-103\"><a href=\"https:\/\/moriahjovan.com\/talesofdunham\/extras\/vignettes-outtakes\/dirty-little-secrets\/miss-cox-and-professor-hilliard\/\">Drs. Cox and Dumbass<\/a><\/li>\n\t\t\t<li class=\"page_item page-item-152\"><a href=\"https:\/\/moriahjovan.com\/talesofdunham\/extras\/vignettes-outtakes\/dirty-little-secrets\/cinderella\/\">Cinderella<\/a><\/li>\n\t\t\t<li class=\"page_item page-item-12608\"><a href=\"https:\/\/moriahjovan.com\/talesofdunham\/extras\/vignettes-outtakes\/dirty-little-secrets\/a-bloody-deed\/\">A Bloody Deed<\/a><\/li>\n\t\t\t<li class=\"page_item page-item-304\"><a href=\"https:\/\/moriahjovan.com\/talesofdunham\/extras\/vignettes-outtakes\/dirty-little-secrets\/the-long-goodbye\/\">The Long Goodbye<\/a><\/li>\n\t\t\t<li class=\"page_item page-item-13103\"><a href=\"https:\/\/moriahjovan.com\/talesofdunham\/extras\/vignettes-outtakes\/dirty-little-secrets\/la-giralda\/\">La Giralda<\/a><\/li>\n\t\t\t<li class=\"page_item page-item-372\"><a href=\"https:\/\/moriahjovan.com\/talesofdunham\/extras\/vignettes-outtakes\/dirty-little-secrets\/tired-of-being-me\/\">Tired of Being Me<\/a><\/li>\n\t\t\t<li class=\"page_item page-item-8402\"><a href=\"https:\/\/moriahjovan.com\/talesofdunham\/extras\/vignettes-outtakes\/dirty-little-secrets\/beatitudes\/\">Beatitudes<\/a><\/li>\n\t\t\t<li class=\"page_item page-item-800\"><a href=\"https:\/\/moriahjovan.com\/talesofdunham\/extras\/vignettes-outtakes\/dirty-little-secrets\/sexual-harassment\/\">Sexual Harassment<\/a><\/li>\n\t\t\t<li class=\"page_item page-item-398\"><a href=\"https:\/\/moriahjovan.com\/talesofdunham\/extras\/vignettes-outtakes\/dirty-little-secrets\/beltane\/\">Beltane<\/a><\/li>\n\t\t\t<li class=\"page_item page-item-12632\"><a href=\"https:\/\/moriahjovan.com\/talesofdunham\/extras\/vignettes-outtakes\/dirty-little-secrets\/king-of-ephyra\/\">King of Ephyra<\/a><\/li>\n\t\t\t<li class=\"page_item page-item-13105\"><a href=\"https:\/\/moriahjovan.com\/talesofdunham\/extras\/vignettes-outtakes\/dirty-little-secrets\/fatted-calf\/\">Fatted Calf<\/a><\/li>\n\t\t\t<li class=\"page_item page-item-465\"><a href=\"https:\/\/moriahjovan.com\/talesofdunham\/extras\/vignettes-outtakes\/dirty-little-secrets\/missa-solemnis\/\">Missa Solemnis<\/a><\/li>\n\t\t\t<li class=\"page_item page-item-3512\"><a href=\"https:\/\/moriahjovan.com\/talesofdunham\/extras\/vignettes-outtakes\/dirty-little-secrets\/walkaway-joe\/\">Walkaway Joe<\/a><\/li>\n\t\t\t<li class=\"page_item page-item-978\"><a href=\"https:\/\/moriahjovan.com\/talesofdunham\/extras\/vignettes-outtakes\/dirty-little-secrets\/the-married-man\/\">The Married Man<\/a><\/li>\n\t\t\t<li class=\"page_item page-item-3624\"><a href=\"https:\/\/moriahjovan.com\/talesofdunham\/extras\/vignettes-outtakes\/dirty-little-secrets\/ghost\/\">Ghost<\/a><\/li>\n\t\t<\/ul>\n<\/li>\n\t\t<li class=\"page_item page-item-1545 page_item_has_children\"><a href=\"https:\/\/moriahjovan.com\/talesofdunham\/extras\/vignettes-outtakes\/extracurricular-activities\/\">Extracurricular Activities<\/a>\n\t\t<ul class='children'>\n\t\t\t<li class=\"page_item page-item-1548\"><a href=\"https:\/\/moriahjovan.com\/talesofdunham\/extras\/vignettes-outtakes\/extracurricular-activities\/oh-my-heck\/\">Oh My Heck<\/a><\/li>\n\t\t\t<li class=\"page_item page-item-1557\"><a href=\"https:\/\/moriahjovan.com\/talesofdunham\/extras\/vignettes-outtakes\/extracurricular-activities\/freight-train\/\">Freight Train<\/a><\/li>\n\t\t\t<li class=\"page_item page-item-1559\"><a href=\"https:\/\/moriahjovan.com\/talesofdunham\/extras\/vignettes-outtakes\/extracurricular-activities\/how-business-gets-done\/\">How Business Gets Done<\/a><\/li>\n\t\t\t<li class=\"page_item page-item-1553\"><a href=\"https:\/\/moriahjovan.com\/talesofdunham\/extras\/vignettes-outtakes\/extracurricular-activities\/dead-man-fucking\/\">Dead Man Fucking<\/a><\/li>\n\t\t<\/ul>\n<\/li>\n\t\t<li class=\"page_item page-item-1599 page_item_has_children\"><a href=\"https:\/\/moriahjovan.com\/talesofdunham\/extras\/vignettes-outtakes\/confessions\/\">Confessions<\/a>\n\t\t<ul class='children'>\n\t\t\t<li class=\"page_item page-item-3595\"><a href=\"https:\/\/moriahjovan.com\/talesofdunham\/extras\/vignettes-outtakes\/confessions\/mina01\/\">The Boy is Back in Town<\/a><\/li>\n\t\t\t<li class=\"page_item page-item-3597\"><a href=\"https:\/\/moriahjovan.com\/talesofdunham\/extras\/vignettes-outtakes\/confessions\/mina02\/\">Slumming<\/a><\/li>\n\t\t\t<li class=\"page_item page-item-3599\"><a href=\"https:\/\/moriahjovan.com\/talesofdunham\/extras\/vignettes-outtakes\/confessions\/mina03\/\">Pretty Little Head<\/a><\/li>\n\t\t\t<li class=\"page_item page-item-3714\"><a href=\"https:\/\/moriahjovan.com\/talesofdunham\/extras\/vignettes-outtakes\/confessions\/mina04\/\">The Great Escape<\/a><\/li>\n\t\t\t<li class=\"page_item page-item-3602\"><a href=\"https:\/\/moriahjovan.com\/talesofdunham\/extras\/vignettes-outtakes\/confessions\/mina05\/\">Mrs Hollander Stakes Her Claim<\/a><\/li>\n\t\t\t<li class=\"page_item page-item-3622\"><a href=\"https:\/\/moriahjovan.com\/talesofdunham\/extras\/vignettes-outtakes\/confessions\/mina06\/\">Released from Prison<\/a><\/li>\n\t\t\t<li class=\"page_item page-item-3604\"><a href=\"https:\/\/moriahjovan.com\/talesofdunham\/extras\/vignettes-outtakes\/confessions\/cassie01\/\">Starry Starry Eyes<\/a><\/li>\n\t\t\t<li class=\"page_item page-item-3610\"><a href=\"https:\/\/moriahjovan.com\/talesofdunham\/extras\/vignettes-outtakes\/confessions\/cassie02\/\">Sold<\/a><\/li>\n\t\t\t<li class=\"page_item page-item-3607\"><a href=\"https:\/\/moriahjovan.com\/talesofdunham\/extras\/vignettes-outtakes\/confessions\/cassie03\/\">Let Freedom Ring<\/a><\/li>\n\t\t\t<li class=\"page_item page-item-3754\"><a href=\"https:\/\/moriahjovan.com\/talesofdunham\/extras\/vignettes-outtakes\/confessions\/cassie04\/\">To Live and Die in a Man&#8217;s Arms<\/a><\/li>\n\t\t\t<li class=\"page_item page-item-3620\"><a href=\"https:\/\/moriahjovan.com\/talesofdunham\/extras\/vignettes-outtakes\/confessions\/cassie05\/\">The Executor<\/a><\/li>\n\t\t\t<li class=\"page_item page-item-3785\"><a href=\"https:\/\/moriahjovan.com\/talesofdunham\/extras\/vignettes-outtakes\/confessions\/adrestia\/\">Adrestia<\/a><\/li>\n\t\t<\/ul>\n<\/li>\n\t\t<li class=\"page_item page-item-2749 page_item_has_children\"><a href=\"https:\/\/moriahjovan.com\/talesofdunham\/extras\/vignettes-outtakes\/captains-logs\/\">Captains&#8217; Logs<\/a>\n\t\t<ul class='children'>\n\t\t\t<li class=\"page_item page-item-8790\"><a href=\"https:\/\/moriahjovan.com\/talesofdunham\/extras\/vignettes-outtakes\/captains-logs\/galatea\/\">Galatea<\/a><\/li>\n\t\t\t<li class=\"page_item page-item-8794\"><a href=\"https:\/\/moriahjovan.com\/talesofdunham\/extras\/vignettes-outtakes\/captains-logs\/death-warrant\/\">Death Warrant<\/a><\/li>\n\t\t\t<li class=\"page_item page-item-3485\"><a href=\"https:\/\/moriahjovan.com\/talesofdunham\/extras\/vignettes-outtakes\/captains-logs\/point-of-know-return\/\">Point of Know Return<\/a><\/li>\n\t\t\t<li class=\"page_item page-item-3584\"><a href=\"https:\/\/moriahjovan.com\/talesofdunham\/extras\/vignettes-outtakes\/captains-logs\/uninvited\/\">Uninvited<\/a><\/li>\n\t\t\t<li class=\"page_item page-item-8784\"><a href=\"https:\/\/moriahjovan.com\/talesofdunham\/extras\/vignettes-outtakes\/captains-logs\/west-to-home\/\">West to Home<\/a><\/li>\n\t\t<\/ul>\n<\/li>\n\t\t<li class=\"page_item page-item-9255 page_item_has_children\"><a href=\"https:\/\/moriahjovan.com\/talesofdunham\/extras\/vignettes-outtakes\/oubliette\/\">Oubliette<\/a>\n\t\t<ul class='children'>\n\t\t\t<li class=\"page_item page-item-9252\"><a href=\"https:\/\/moriahjovan.com\/talesofdunham\/extras\/vignettes-outtakes\/oubliette\/like-will-to-like\/\">Like Will to Like<\/a><\/li>\n\t\t<\/ul>\n<\/li>\n\t\t<li class=\"page_item page-item-14548 page_item_has_children\"><a href=\"https:\/\/moriahjovan.com\/talesofdunham\/extras\/vignettes-outtakes\/cooking-the-books\/\">Cooking the Books<\/a>\n\t\t<ul class='children'>\n\t\t\t<li class=\"page_item page-item-14561\"><a href=\"https:\/\/moriahjovan.com\/talesofdunham\/extras\/vignettes-outtakes\/cooking-the-books\/editors-notes\/\">Editors\u2019 Notes<\/a><\/li>\n\t\t<\/ul>\n<\/li>\n\t<\/ul>\n<\/li>\n\t<li class=\"page_item page-item-339 page_item_has_children\"><a href=\"https:\/\/moriahjovan.com\/talesofdunham\/extras\/familytree\/\">Dunham Family Tree<\/a>\n\t<ul class='children'>\n\t\t<li class=\"page_item page-item-42\"><a href=\"https:\/\/moriahjovan.com\/talesofdunham\/extras\/familytree\/the-pack\/\">The Pack<\/a><\/li>\n\t\t<li class=\"page_item page-item-675\"><a href=\"https:\/\/moriahjovan.com\/talesofdunham\/extras\/familytree\/vanessa-eric\/\">Prot\u00e9g\u00e9 and Prot\u00e9g\u00e9e<\/a><\/li>\n\t\t<li class=\"page_item page-item-1601\"><a href=\"https:\/\/moriahjovan.com\/talesofdunham\/extras\/familytree\/mitch-cassie\/\">Steel and Hammer<\/a><\/li>\n\t\t<li class=\"page_item page-item-2442\"><a href=\"https:\/\/moriahjovan.com\/talesofdunham\/extras\/familytree\/dunham-crew\/\">The Dunham Crew<\/a><\/li>\n\t\t<li class=\"page_item page-item-9340\"><a href=\"https:\/\/moriahjovan.com\/talesofdunham\/extras\/familytree\/victoria-emilio\/\">Mutual Fans<\/a><\/li>\n\t\t<li class=\"page_item page-item-19773\"><a href=\"https:\/\/moriahjovan.com\/talesofdunham\/extras\/familytree\/etienne-tess\/\">Family Reunion<\/a><\/li>\n\t\t<li class=\"page_item page-item-19779\"><a href=\"https:\/\/moriahjovan.com\/talesofdunham\/extras\/familytree\/reflections\/\">Reflections<\/a><\/li>\n\t\t<li class=\"page_item page-item-19782\"><a href=\"https:\/\/moriahjovan.com\/talesofdunham\/extras\/familytree\/blythe-finn\/\">Eliza &#038; Dr. Higgins<\/a><\/li>\n\t\t<li class=\"page_item page-item-10718\"><a href=\"https:\/\/moriahjovan.com\/talesofdunham\/extras\/familytree\/speakeasy-staff\/\">Speakeasy Staff<\/a><\/li>\n\t\t<li class=\"page_item page-item-1589\"><a href=\"https:\/\/moriahjovan.com\/talesofdunham\/extras\/familytree\/vachel-tia\/\">Arm Candy &#038; Diva<\/a><\/li>\n\t\t<li class=\"page_item page-item-1582\"><a href=\"https:\/\/moriahjovan.com\/talesofdunham\/extras\/familytree\/as-yet-untold-stories\/\">As Yet Untold Stories<\/a><\/li>\n\t<\/ul>\n<\/li>\n\t<li class=\"page_item page-item-2595 page_item_has_children\"><a href=\"https:\/\/moriahjovan.com\/talesofdunham\/extras\/music\/\">Soundtracks<\/a>\n\t<ul class='children'>\n\t\t<li class=\"page_item page-item-28 page_item_has_children\"><a href=\"https:\/\/moriahjovan.com\/talesofdunham\/extras\/music\/proviso-soundtrack\/\">The Proviso<\/a>\n\t\t<ul class='children'>\n\t\t\t<li class=\"page_item page-item-25171\"><a href=\"https:\/\/moriahjovan.com\/talesofdunham\/extras\/music\/proviso-soundtrack\/the-proviso-gb\/\">The Proviso: Giselle &#038; Bryce<\/a><\/li>\n\t\t\t<li class=\"page_item page-item-25167\"><a href=\"https:\/\/moriahjovan.com\/talesofdunham\/extras\/music\/proviso-soundtrack\/the-proviso-se\/\">The Proviso: Sebastian &#038; Eilis<\/a><\/li>\n\t\t\t<li class=\"page_item page-item-25181\"><a href=\"https:\/\/moriahjovan.com\/talesofdunham\/extras\/music\/proviso-soundtrack\/the-proviso-kj\/\">The Proviso: Knox &#038; Justice<\/a><\/li>\n\t\t\t<li class=\"page_item page-item-13494\"><a href=\"https:\/\/moriahjovan.com\/talesofdunham\/extras\/music\/proviso-soundtrack\/proviso-1ed-ch15\/\">The Proviso, 1st Edition, Chapter 15<\/a><\/li>\n\t\t<\/ul>\n<\/li>\n\t\t<li class=\"page_item page-item-1578 page_item_has_children\"><a href=\"https:\/\/moriahjovan.com\/talesofdunham\/extras\/music\/stay-soundtrack\/\">Stay<\/a>\n\t\t<ul class='children'>\n\t\t\t<li class=\"page_item page-item-13996\"><a href=\"https:\/\/moriahjovan.com\/talesofdunham\/extras\/music\/stay-soundtrack\/stay-chapter-34\/\">Stay, Chapter 34<\/a><\/li>\n\t\t<\/ul>\n<\/li>\n\t\t<li class=\"page_item page-item-1595 page_item_has_children\"><a href=\"https:\/\/moriahjovan.com\/talesofdunham\/extras\/music\/magdalene-soundtrack\/\">Magdalene<\/a>\n\t\t<ul class='children'>\n\t\t\t<li class=\"page_item page-item-14027\"><a href=\"https:\/\/moriahjovan.com\/talesofdunham\/extras\/music\/magdalene-soundtrack\/magdalene-chapter-11\/\">Magdalene, Chapter 11<\/a><\/li>\n\t\t<\/ul>\n<\/li>\n\t\t<li class=\"page_item page-item-2013\"><a href=\"https:\/\/moriahjovan.com\/talesofdunham\/extras\/music\/dunham-soundtrack\/\">Dunham<\/a><\/li>\n\t\t<li class=\"page_item page-item-4205\"><a href=\"https:\/\/moriahjovan.com\/talesofdunham\/extras\/music\/paso-doble-soundtrack\/\">Paso Doble<\/a><\/li>\n\t\t<li class=\"page_item page-item-4213\"><a href=\"https:\/\/moriahjovan.com\/talesofdunham\/extras\/music\/we-were-gods-soundtrack\/\">We Were Gods<\/a><\/li>\n\t\t<li class=\"page_item page-item-8859\"><a href=\"https:\/\/moriahjovan.com\/talesofdunham\/extras\/music\/black-jack-soundtrack\/\">Black Jack<\/a><\/li>\n\t\t<li class=\"page_item page-item-8878\"><a href=\"https:\/\/moriahjovan.com\/talesofdunham\/extras\/music\/lions-share-soundtrack\/\">Lion\u2019s Share<\/a><\/li>\n\t\t<li class=\"page_item page-item-9756\"><a href=\"https:\/\/moriahjovan.com\/talesofdunham\/extras\/music\/1520-main-soundtrack\/\">1520 Main<\/a><\/li>\n\t<\/ul>\n<\/li>\n\t<li class=\"page_item page-item-9364 page_item_has_children\"><a href=\"https:\/\/moriahjovan.com\/talesofdunham\/extras\/landmarks\/\">Landmarks &#038; Details<\/a>\n\t<ul class='children'>\n\t\t<li class=\"page_item page-item-2576\"><a href=\"https:\/\/moriahjovan.com\/talesofdunham\/extras\/landmarks\/kcmo\/\">Out and About in Kansas City<\/a><\/li>\n\t\t<li class=\"page_item page-item-3354\"><a href=\"https:\/\/moriahjovan.com\/talesofdunham\/extras\/landmarks\/dunham-tour-of-duty\/\">Dunham Tour of Duty<\/a><\/li>\n\t<\/ul>\n<\/li>\n\t<li class=\"page_item page-item-41\"><a href=\"https:\/\/moriahjovan.com\/talesofdunham\/extras\/faq\/\">FAQ<\/a><\/li>\n\t<li class=\"page_item page-item-1580\"><a href=\"https:\/\/moriahjovan.com\/talesofdunham\/extras\/causes\/\">Our causes<\/a><\/li>\n\t<li class=\"page_item page-item-1573\"><a href=\"https:\/\/moriahjovan.com\/talesofdunham\/extras\/bibliography\/\">Bibliography<\/a><\/li>\n<\/ul>\n<\/li>\n<li class=\"page_item page-item-19786 page_item_has_children\"><a href=\"https:\/\/moriahjovan.com\/talesofdunham\/kenard\/\">KENARD CHRONICLES<\/a>\n<ul class='children'>\n\t<li class=\"page_item page-item-9986 page_item_has_children\"><a href=\"https:\/\/moriahjovan.com\/talesofdunham\/kenard\/knight\/\">BLACK AS KNIGHT<\/a>\n\t<ul class='children'>\n\t\t<li class=\"page_item page-item-24949\"><a href=\"https:\/\/moriahjovan.com\/talesofdunham\/kenard\/knight\/black-as-knight-free-dl\/\">Black as Knight FREE DL<\/a><\/li>\n\t<\/ul>\n<\/li>\n\t<li class=\"page_item page-item-12196\"><a href=\"https:\/\/moriahjovan.com\/talesofdunham\/kenard\/babeinwinter\/\">A BABE IN WINTER<\/a><\/li>\n\t<li class=\"page_item page-item-21597 page_item_has_children\"><a href=\"https:\/\/moriahjovan.com\/talesofdunham\/kenard\/kenard-extras\/\">KENARD EXTRAS<\/a>\n\t<ul class='children'>\n\t\t<li class=\"page_item page-item-19784\"><a href=\"https:\/\/moriahjovan.com\/talesofdunham\/kenard\/kenard-extras\/grimme-brighde\/\">1420 Census<\/a><\/li>\n\t\t<li class=\"page_item page-item-9992\"><a href=\"https:\/\/moriahjovan.com\/talesofdunham\/kenard\/kenard-extras\/kenard-soundtrack\/\">After-Supper Amusements<\/a><\/li>\n\t<\/ul>\n<\/li>\n<\/ul>\n<\/li>\n<li class=\"page_item page-item-5984\"><a href=\"https:\/\/moriahjovan.com\/talesofdunham\/allowme\/\">ALLOW ME TO INTRODUCE MYSELF<\/a><\/li>\n<li class=\"page_item page-item-6087 page_item_has_children\"><a href=\"https:\/\/moriahjovan.com\/talesofdunham\/shorts\/\">SHORT STORIES<\/a>\n<ul class='children'>\n\t<li class=\"page_item page-item-1367\"><a href=\"https:\/\/moriahjovan.com\/talesofdunham\/shorts\/snuff\/\">Snuff<\/a><\/li>\n\t<li class=\"page_item page-item-1388\"><a href=\"https:\/\/moriahjovan.com\/talesofdunham\/shorts\/dove-in-snow\/\">Dove in Snow<\/a><\/li>\n\t<li class=\"page_item page-item-19029\"><a href=\"https:\/\/moriahjovan.com\/talesofdunham\/shorts\/satanic-cattle\/\">Satanic Cattle<\/a><\/li>\n\t<li class=\"page_item page-item-1380\"><a href=\"https:\/\/moriahjovan.com\/talesofdunham\/shorts\/jolie-blon\/\">Jolie Blon<\/a><\/li>\n\t<li class=\"page_item page-item-1393\"><a href=\"https:\/\/moriahjovan.com\/talesofdunham\/shorts\/heavy-on-the-ice\/\">Heavy on the Ice<\/a><\/li>\n\t<li class=\"page_item page-item-1375\"><a href=\"https:\/\/moriahjovan.com\/talesofdunham\/shorts\/dog-food\/\">Dog Food<\/a><\/li>\n\t<li class=\"page_item page-item-1360\"><a href=\"https:\/\/moriahjovan.com\/talesofdunham\/shorts\/solsbury-hill\/\">Solsbury Hill<\/a><\/li>\n\t<li class=\"page_item page-item-6088\"><a href=\"https:\/\/moriahjovan.com\/talesofdunham\/shorts\/the-parable-of-the-sleeping-tiger\/\">The Parable of the Sleeping Tiger<\/a><\/li>\n\t<li class=\"page_item page-item-1396\"><a href=\"https:\/\/moriahjovan.com\/talesofdunham\/shorts\/the-parable-of-the-daisy-and-the-rose\/\">The Parable of the Daisy and the Rose<\/a><\/li>\n\t<li class=\"page_item page-item-19021\"><a href=\"https:\/\/moriahjovan.com\/talesofdunham\/shorts\/god-is-a-terrible-matchmaker\/\">God is a terrible matchmaker.<\/a><\/li>\n\t<li class=\"page_item page-item-19015\"><a href=\"https:\/\/moriahjovan.com\/talesofdunham\/shorts\/the-sack-of-rome\/\">The Sack of Rome<\/a><\/li>\n<\/ul>\n<\/li>\n<li class=\"page_item page-item-59\"><a href=\"https:\/\/moriahjovan.com\/talesofdunham\/swag\/\">MERCH!<\/a><\/li>\n<li class=\"page_item page-item-10575\"><a href=\"https:\/\/moriahjovan.com\/talesofdunham\/arts-crafts\/\">ARTS &#038; CRAFTS<\/a><\/li>\n<li class=\"page_item page-item-6217\"><a href=\"https:\/\/moriahjovan.com\/talesofdunham\/site-map\/\">SITE MAP<\/a><\/li>\n<li class=\"page_item page-item-13813\"><a href=\"https:\/\/moriahjovan.com\/talesofdunham\/archives\/\">ARCHIVES<\/a><\/li>\n<li class=\"page_item page-item-18305\"><a href=\"https:\/\/moriahjovan.com\/talesofdunham\/purchase\/\">BUY LINKS<\/a><\/li>\n<li class=\"page_item page-item-3973 page_item_has_children\"><a href=\"https:\/\/moriahjovan.com\/talesofdunham\/checkout\/\">CHECKOUT<\/a>\n<ul class='children'>\n\t<li class=\"page_item page-item-3974\"><a href=\"https:\/\/moriahjovan.com\/talesofdunham\/checkout\/purchase-confirmation\/\">Purchase Confirmation<\/a><\/li>\n\t<li class=\"page_item page-item-3976\"><a href=\"https:\/\/moriahjovan.com\/talesofdunham\/checkout\/purchase-history\/\">Purchase History<\/a><\/li>\n\t<li class=\"page_item page-item-3975\"><a href=\"https:\/\/moriahjovan.com\/talesofdunham\/checkout\/transaction-failed\/\">Transaction Failed<\/a><\/li>\n\t<li class=\"page_item page-item-20111\"><a href=\"https:\/\/moriahjovan.com\/talesofdunham\/checkout\/thank-you\/\">Thank you!<\/a><\/li>\n<\/ul>\n<\/li>\n\n<\/ul><\/div>\n<div class=\"date\">20260330<\/div>\n","protected":false},"excerpt":{"rendered":"<p>20260330<\/p>\n","protected":false},"author":1,"featured_media":0,"parent":0,"menu_order":100,"comment_status":"closed","ping_status":"closed","template":"","meta":{"ngg_post_thumbnail":0,"footnotes":""},"class_list":["post-6217","page","type-page","status-publish","hentry"],"_links":{"self":[{"href":"https:\/\/moriahjovan.com\/talesofdunham\/wp-json\/wp\/v2\/pages\/6217"}],"collection":[{"href":"https:\/\/moriahjovan.com\/talesofdunham\/wp-json\/wp\/v2\/pages"}],"about":[{"href":"https:\/\/moriahjovan.com\/talesofdunham\/wp-json\/wp\/v2\/types\/page"}],"author":[{"embeddable":true,"href":"https:\/\/moriahjovan.com\/talesofdunham\/wp-json\/wp\/v2\/users\/1"}],"replies":[{"embeddable":true,"href":"https:\/\/moriahjovan.com\/talesofdunham\/wp-json\/wp\/v2\/comments?post=6217"}],"version-history":[{"count":4,"href":"https:\/\/moriahjovan.com\/talesofdunham\/wp-json\/wp\/v2\/pages\/6217\/revisions"}],"predecessor-version":[{"id":25039,"href":"https:\/\/moriahjovan.com\/talesofdunham\/wp-json\/wp\/v2\/pages\/6217\/revisions\/25039"}],"wp:attachment":[{"href":"https:\/\/moriahjovan.com\/talesofdunham\/wp-json\/wp\/v2\/media?parent=6217"}],"curies":[{"name":"wp","href":"https:\/\/api.w.org\/{rel}","templated":true}]}}