{"id":339,"date":"2008-12-24T15:17:00","date_gmt":"2008-12-24T20:17:00","guid":{"rendered":"http:\/\/theproviso.com\/?page_id=339"},"modified":"2026-04-05T19:18:29","modified_gmt":"2026-04-06T00:18:29","slug":"familytree","status":"publish","type":"page","link":"https:\/\/moriahjovan.com\/talesofdunham\/extras\/familytree\/","title":{"rendered":"Dunham Family Tree"},"content":{"rendered":"<div class=\"top40\">\n<div class=\"left8\">\n<a href=\"http:\/\/moriahjovan.com\/talesofdunham\/extras\/familytree\/the-pack\/\" target=\"_blank\" rel=\"noreferrer noopener\">The Pack<\/a> <span class=\"cat\">\u2014 Giselle &#038; Bryce, Sebastian &#038; Eilis, Knox &#038; Justice<\/span><br \/>\n<a href=\"http:\/\/moriahjovan.com\/talesofdunham\/extras\/familytree\/vanessa-eric\/\" target=\"_blank\" rel=\"noreferrer noopener\">Prot\u00e9g\u00e9e and Prot\u00e9g\u00e9<\/a> <span class=\"cat\">\u2014 Vanessa &#038; Eric<\/span><br \/>\n<a href=\"http:\/\/moriahjovan.com\/talesofdunham\/extras\/familytree\/mitch-cassie\/\" target=\"_blank\" rel=\"noreferrer noopener\">Steel and Hammer<\/a> <span class=\"cat\">\u2014 Mitch &#038; Cassie<\/span><br \/>\n<a href=\"http:\/\/moriahjovan.com\/talesofdunham\/extras\/familytree\/dunham-crew\/\" target=\"_blank\" rel=\"noreferrer noopener\">The Dunham Crew<\/a> <span class=\"cat\">\u2014 Elliott &#038; Celia<\/span><br \/>\n<a href=\"http:\/\/moriahjovan.com\/talesofdunham\/extras\/familytree\/victoria-emilio\/\" target=\"_blank\" rel=\"noreferrer noopener\">Mutual Fans<\/a> <span class=\"cat\">\u2014 Victoria &#038; Emilio<\/span><br \/>\n<a href=\"https:\/\/moriahjovan.com\/talesofdunham\/extras\/familytree\/etienne-tess\/\" target=\"_blank\" rel=\"noreferrer noopener\">Family Reunion<\/a> <span class=\"cat\">\u2014 \u00c9tienne &#038; Tess &#038; Co.<\/span><br \/>\n<a href=\"https:\/\/moriahjovan.com\/talesofdunham\/extras\/familytree\/reflections\/\" target=\"_blank\" rel=\"noreferrer noopener\">Reflections<\/a> <span class=\"cat\">\u2014 Jack &#038; Daisy &#038; Co.<\/span><br \/>\n<a href=\"https:\/\/moriahjovan.com\/talesofdunham\/extras\/familytree\/blythe-finn\/\" target=\"_blank\" rel=\"noreferrer noopener\">Eliza and Dr. Higgins<\/a> <span class=\"cat\">\u2014 Blythe &#038; Finn &#038; Co.<\/span><br \/>\n<a href=\"http:\/\/moriahjovan.com\/talesofdunham\/extras\/familytree\/speakeasy-staff\/\" target=\"_blank\" rel=\"noreferrer noopener\">Speakeasy Staff<\/a> <span class=\"cat\">\u2014 Trey &#038; Marina<\/span><br \/>\n<a href=\"http:\/\/moriahjovan.com\/talesofdunham\/extras\/familytree\/vachel-tia\/\" target=\"_blank\" rel=\"noreferrer noopener\">Arm Candy and Diva<\/a> <span class=\"cat\">\u2014 Vachel &#038; Tia<\/span><br \/>\n&nbsp;<br \/>\n<a href=\"https:\/\/moriahjovan.com\/talesofdunham\/extras\/familytree\/as-yet-untold-stories\/\" target=\"_blank\" rel=\"noreferrer noopener\">As Yet Untold Stories<\/a><br \/>\n&nbsp;<br \/>\n<span class=\"cat\">Kenard Chronicles<\/span><br \/>\n&nbsp;&nbsp;&nbsp;&nbsp;&nbsp;&nbsp;&nbsp;<a href=\"https:\/\/moriahjovan.com\/talesofdunham\/extras\/familytree\/as-yet-untold-stories\/\" target=\"_blank\" rel=\"noreferrer noopener\">1420 Census<\/a> <span class=\"cat\">\u2014 Grimme &#038; Br\u00edghde<\/span>\n<\/div>\n<\/div>\n<div class=\"top60\">\n<div class=\"center\"><img decoding=\"async\" src=\"http:\/\/b10mediaworx.com\/tod\/dunhamfamilytree.png\"><\/p>\n<div class=\"lr20\">\n<div class=\"top35\">Epic romantic adventures revolving around various members of the Dunham family (and with them, \u201cfamily\u201d is an elastic concept): One set of parents who joined the Mormon church some time in the 1930s for less than pure reasons, their 9 daughters, their 30-some-odd grandchildren, a couple of ancestors, and some folks who just can\u2019t get out of the Dunham tornado.<br \/>\n&nbsp;<br \/>\nAll of the feelz.<br \/>\n&nbsp;<br \/>\nNone of the consequences.<\/div>\n<div class=\"top25\"><a href=\"http:\/\/moriahjovan.com\/talesofdunham\/thebooks\/theproviso\" target=\"_blank\" rel=\"noreferrer noopener\"><span class=\"big135\"><strong>GISELLE<\/strong> (<strong>BRYCE<\/strong>)<br \/>\n<strong>SEBASTIAN<\/strong> (<strong>EILIS<\/strong>)<br \/><strong>KNOX<\/strong> (<strong>JUSTICE<\/strong>)<\/em><\/a><br \/>\nThe three Dunham cousins most likely to get themselves excommunicated from the church.<br \/>\n<em>The Proviso<\/em> (Book 1)<br \/>\nOctober 2008 (1st edition)<br \/>\nOctober 2015 (2nd edition)<br \/>\nAugust 2025 (3rd edition)<\/div>\n<div class=\"top25\"><a href=\"http:\/\/moriahjovan.com\/talesofdunham\/thebooks\/stay\" target=\"_blank\" rel=\"noreferrer noopener\"><span class=\"big135\"><strong>ERIC<\/strong> and <strong>VANESSA<\/strong><\/em><\/a><br \/>\nGuilty\u2014er, family\u2014by association, both mentored by the same man, who never thought to introduce them.<br \/>\n<em>Stay<\/em> (Book 2) | November 2009<\/div>\n<div class=\"top25\"><a href=\"http:\/\/moriahjovan.com\/talesofdunham\/thebooks\/magdalene\" target=\"_blank\" rel=\"noreferrer noopener\"><span class=\"big135\"><strong>MITCH<\/strong> and <strong>CASSIE<\/strong><\/em><\/a><br \/>\nAn excellent partnership between a steel magnate and a corporate hammer. The unlikeliest romance between a Mormon bishop and an ex-prostitute.<br \/>\n<em>Magdalene<\/em> (Book 3) | April 2011<\/div>\n<div class=\"top25\"><a href=\"http:\/\/moriahjovan.com\/talesofdunham\/thebooks\/dunham\" target=\"_blank\" rel=\"noreferrer noopener\"><span class=\"big135\"><strong>ELLIOTT<\/strong> and <strong>CELIA<\/strong><\/em><\/a><br \/>\nThe pirate\/privateer rabblerousers who spawned all these people.<br \/>\n<em>Dunham<\/em> (The Past) | July 2013<\/div>\n<div class=\"top25\"><a href=\"http:\/\/moriahjovan.com\/talesofdunham\/thebooks\/rag\" target=\"_blank\" rel=\"noreferrer noopener\"><span class=\"big135\"><strong>VACHEL<\/strong> and <strong>TIA<\/strong><\/em><\/a><br \/>\nA once-broken poor boy and a poor little rich girl.<br \/>\n<em>Twenty-Dollar Rag<\/em> (A Dunham <em>Stay<\/em> Novelette)| February 2011<\/div>\n<div class=\"top25\"><a href=\"http:\/\/moriahjovan.com\/talesofdunham\/thebooks\/pasodoble\" target=\"_blank\" rel=\"noreferrer noopener\"><span class=\"big135\"><strong>VICTORIA<\/strong> and <strong>EMILIO<\/strong><\/em><\/a><br \/>\nA Mormon missionary who went native and headed back to Spain\u2014and the matador who won her heart.<br \/>\n<em>Paso Doble<\/em> (Dunham: LaMontagne Book 1) | May 2014<\/div>\n<div class=\"top25\"><a href=\"http:\/\/moriahjovan.com\/talesofdunham\/thebooks\/weweregods\" target=\"_blank\" rel=\"noreferrer noopener\"><span class=\"big135\"><strong>\u00c9TIENNE<\/strong> and <strong>TESS<\/strong><\/em><\/a><br \/>\nAfter their 20-year marriage imploded, not even five years apart can quench their thirst for each other.<br \/>\n<em>We Were Gods<\/em> (Dunham: LaMontagne Book 2) | May 2014<\/div>\n<div class=\"top25\"><a href=\"http:\/\/moriahjovan.com\/talesofdunham\/thebooks\/blackjack\" target=\"_blank\" rel=\"noreferrer noopener\"><span class=\"big135\"><strong>LYDIA<\/strong> and <strong>JACK<\/strong><\/em><\/a><br \/>\nReflections of each other, so alike they can never have a smooth relationship.<br \/>\n<em>Black Jack<\/em> (A Dunham Novel) | September 2016<\/div>\n<div class=\"top25\"><a href=\"http:\/\/moriahjovan.com\/talesofdunham\/thebooks\/lionsshare\" target=\"_blank\" rel=\"noreferrer noopener\"><span class=\"big135\"><strong>BLYTHE<\/strong> and <strong>FINN<\/strong><\/em><\/a><br \/>\nA widow and her father-in-law. \u2019Nuff said?<br \/>\n<em>Lion\u2019s Share<\/em> (A Dunham Novel) | March 2017<\/div>\n<div class=\"top25\"><a href=\"http:\/\/moriahjovan.com\/talesofdunham\/thebooks\/1520main\" target=\"_blank\" rel=\"noreferrer noopener\"><span class=\"big135\"><strong>TREY<\/strong> and <strong>MARINA<\/strong><\/em><\/a><br \/>\nIn Prohibition-era Kansas City, he\u2019s a cog in the Machine who wagers Boss Tom Pendergast that he can seduce a criminally na\u00efve preacher\u2019s daughter.<br \/>\n<em>1520 Main<\/em> (The Legend) | 2019<\/div>\n<p class=\"neverquit\">There may be more, because this family and their friends never quit.<\/p>\n<div class=\"top25\"><a href=\"\/\/moriahjovan.com\/talesofdunham\/extras\/familytree\/as-yet-untold-stories\/#frankie\" target=\"_blank\" rel=\"noreferrer noopener\"><span class=\"big135\"><strong>FRANKIE<\/strong> and <strong>ROOK<\/strong><\/em><\/a><br \/>\nAn author with a stalker and a county sheriff who\u2019s her last resort.<br \/>\n<em>Rook Takes Queen<\/em> (A Dunham Novel) | maybe ?<\/div>\n<div class=\"top25\"><a href=\"https:\/\/moriahjovan.com\/talesofdunham\/extras\/familytree\/as-yet-untold-stories\/#nash\" target=\"_blank\" rel=\"noreferrer noopener\"><span class=\"big135\"><strong>NASH<\/strong> and <strong>MELANIE<\/strong><\/em><\/a><br \/>\nA dead man who\u2019s coming home to the woman he never stopped loving, a woman who sacrificed everything for him.<br \/>\n<em>Lucky One<\/em> (A Dunham <em>Stay<\/em> Novel) | maybe ?<\/div>\n<div class=\"top25\"><a href=\"https:\/\/moriahjovan.com\/talesofdunham\/extras\/familytree\/as-yet-untold-stories\/#annie\" target=\"_blank\" rel=\"noreferrer noopener\"><span class=\"big135\"><strong>ANNIE<\/strong> and <strong>RAFFERTY<\/strong><\/em><\/a><br \/>\nA pharmaceutical rep turned campaign manager and the tow-truck <span class=\"crossout\">god<\/span> driver who pulled her off the side of I-80.<br \/>\n<em>New Favorite<\/em> (A Dunham <em>Stay<\/em> Novel) | maybe ?<\/div>\n<div class=\"top25\"><a href=\"https:\/\/moriahjovan.com\/talesofdunham\/extras\/familytree\/as-yet-untold-stories\/#pili\" target=\"_blank\" rel=\"noreferrer noopener\"><span class=\"big135\"><strong>PILAR<\/strong> and <strong>SANDRO<\/strong><\/em><\/a><br \/>\nAnti-bullfight activist Pilar Bautista and star matador Alejandro Molina give each other what they need most\u2014but can they keep each other <em>and<\/em> their integrity?<br \/>\n<em>Seeing Red<\/em> (A Dunham <em>Paso Doble<\/em> Novel) | maybe ?<\/div>\n<\/div>\n<\/div>\n<\/div>\n<div class=\"date\">20260405<\/div>\n","protected":false},"excerpt":{"rendered":"<p>The Pack \u2014 Giselle &#038; Bryce, Sebastian &#038; Eilis, Knox &#038; Justice Prot\u00e9g\u00e9e and Prot\u00e9g\u00e9 \u2014 Vanessa &#038; Eric Steel and Hammer \u2014 Mitch &#038; Cassie The Dunham Crew \u2014 Elliott &#038; Celia Mutual Fans \u2014 Victoria &#038; Emilio Family Reunion \u2014 \u00c9tienne &#038; Tess &#038; Co. Reflections \u2014 Jack &#038; Daisy &#038; Co. Eliza [&hellip;]<\/p>\n","protected":false},"author":1,"featured_media":0,"parent":2591,"menu_order":42,"comment_status":"closed","ping_status":"closed","template":"","meta":{"ngg_post_thumbnail":0,"footnotes":""},"class_list":["post-339","page","type-page","status-publish","hentry"],"_links":{"self":[{"href":"https:\/\/moriahjovan.com\/talesofdunham\/wp-json\/wp\/v2\/pages\/339"}],"collection":[{"href":"https:\/\/moriahjovan.com\/talesofdunham\/wp-json\/wp\/v2\/pages"}],"about":[{"href":"https:\/\/moriahjovan.com\/talesofdunham\/wp-json\/wp\/v2\/types\/page"}],"author":[{"embeddable":true,"href":"https:\/\/moriahjovan.com\/talesofdunham\/wp-json\/wp\/v2\/users\/1"}],"replies":[{"embeddable":true,"href":"https:\/\/moriahjovan.com\/talesofdunham\/wp-json\/wp\/v2\/comments?post=339"}],"version-history":[{"count":136,"href":"https:\/\/moriahjovan.com\/talesofdunham\/wp-json\/wp\/v2\/pages\/339\/revisions"}],"predecessor-version":[{"id":26048,"href":"https:\/\/moriahjovan.com\/talesofdunham\/wp-json\/wp\/v2\/pages\/339\/revisions\/26048"}],"up":[{"embeddable":true,"href":"https:\/\/moriahjovan.com\/talesofdunham\/wp-json\/wp\/v2\/pages\/2591"}],"wp:attachment":[{"href":"https:\/\/moriahjovan.com\/talesofdunham\/wp-json\/wp\/v2\/media?parent=339"}],"curies":[{"name":"wp","href":"https:\/\/api.w.org\/{rel}","templated":true}]}}