{"id":2591,"date":"2013-05-03T13:21:14","date_gmt":"2013-05-03T18:21:14","guid":{"rendered":"http:\/\/moriahjovan.com\/talesofdunham\/?page_id=2591"},"modified":"2026-04-01T01:41:10","modified_gmt":"2026-04-01T06:41:10","slug":"extras","status":"publish","type":"page","link":"https:\/\/moriahjovan.com\/talesofdunham\/extras\/","title":{"rendered":"EXTRAS"},"content":{"rendered":"<div class=\"top20\"><span class=\"biob\"><span class=\"big135\"><span class=\"blue\">More?!<\/span><\/span><\/span><\/div>\n<p>So you read our story and you\u2019re looking for more of us? Why? Did we not give you enough of ourselves, bleeding our issues all over your brain?<\/p>\n<p>Fine. Whatever. What would you like to know? After all, we only exist to satisfy your craving for our angst.<\/p>\n<p>Here\u2019s the deal, though. If you haven\u2019t read the books, <span class=\"blue\"><strong><em>buy them<\/em><\/strong><\/span> and read them. Right now! Cause this site\u2019s all about spoilers. If you\u2019re allergic to knowing what happens before it does, you probably shouldn\u2019t venture further into our site here. There are <span class=\"blue\"><strong><em>spoilers<\/em><\/strong><\/span> everywhere.<\/p>\n<p>Who we are. Kinda sorta. Not really. It doesn\u2019t define us, no.<\/p>\n<p>Our tortured childhoods and the stuff that\u2019s just way too private to put out there for public consumption\u2014but we will anyway. Because we\u2019re nice that way.<\/p>\n<div class=\"top40\">\n<div class=\"bottom15\"><span class=\"biob\"><span class=\"big115\">VIGNETTES, OUTTAKES, &#038; BACKSTORY<\/span><\/span><\/div>\n<\/div>\n<div class=\"lr8\">\n<a title=\"Dirty Little Secrets\" href=\"http:\/\/moriahjovan.com\/talesofdunham\/extras\/vignettes-outtakes\/dirty-little-secrets\/\" target=\"_blank\" rel=\"noreferrer noopener\">The Proviso<\/a><br \/>\n<a title=\"Extracurricular Activities\" href=\"http:\/\/moriahjovan.com\/talesofdunham\/extras\/vignettes-outtakes\/extracurricular-activities\/\" target=\"_blank\" rel=\"noreferrer noopener\">Stay<\/a><br \/>\n<a title=\"Confessions\" href=\"http:\/\/moriahjovan.com\/talesofdunham\/extras\/vignettes-outtakes\/confessions\/\" target=\"_blank\" rel=\"noreferrer noopener\">Magdalene<\/a><br \/>\n<a title=\"Captains' Logs\" href=\"http:\/\/moriahjovan.com\/talesofdunham\/extras\/vignettes-outtakes\/captains-logs\/\" target=\"_blank\" rel=\"noreferrer noopener\">Dunham<\/a><br \/>\n<a title=\"Oubliette\" href=\"http:\/\/moriahjovan.com\/talesofdunham\/extras\/vignettes-outtakes\/oubliette\/\" target=\"_blank\" rel=\"noreferrer noopener\">Paso Doble<\/a><br \/>\n<a title=\"Cooking the Books\" href=\"https:\/\/moriahjovan.com\/talesofdunham\/extras\/vignettes-outtakes\/cooking-the-books\/\" target=\"_blank\" rel=\"noreferrer noopener\">1520 Main<\/a>\n<\/div>\n<div class=\"top40\">\n<div class=\"bottom15\"><span class=\"biob\"><span class=\"big115\">DRAMATIS PERSONAE<\/span><\/span><\/div>\n<\/div>\n<div class=\"lr8\">\n<a href=\"http:\/\/moriahjovan.com\/talesofdunham\/extras\/familytree\/\" target=\"_blank\" rel=\"noreferrer noopener\">The Dunham Family Tree<\/a><br \/>\n&#160;&#160;&#160;&#160;&#160;&#160;&#160;&#160;&#160;&#160;<a href=\"https:\/\/moriahjovan.com\/talesofdunham\/extras\/familytree\/as-yet-untold-stories\/\" target=\"_blank\" rel=\"noreferrer noopener\">As Yet Untold Stories<\/a><br \/>\n<a href=\"http:\/\/moriahjovan.com\/talesofdunham\/extras\/familytree\/the-pack\/\" target=\"_blank\" rel=\"noreferrer noopener\">The Pack<\/a> <span class=\"cat\">\u2014 Giselle &#038; Bryce, Sebastian &#038; Eilis, Knox &#038; Justice<\/span><br \/>\n<a href=\"http:\/\/moriahjovan.com\/talesofdunham\/extras\/familytree\/vanessa-eric\/\" target=\"_blank\" rel=\"noreferrer noopener\">Prot\u00e9g\u00e9e and Prot\u00e9g\u00e9<\/a> <span class=\"cat\">\u2014 Vanessa &#038; Eric<\/span><br \/>\n<a href=\"http:\/\/moriahjovan.com\/talesofdunham\/extras\/familytree\/mitch-cassie\/\" target=\"_blank\" rel=\"noreferrer noopener\">Steel and Hammer<\/a> <span class=\"cat\">\u2014 Mitch &#038; Cassie<\/span><br \/>\n<a href=\"http:\/\/moriahjovan.com\/talesofdunham\/extras\/familytree\/dunham-crew\/\" target=\"_blank\" rel=\"noreferrer noopener\">The Dunham Crew<\/a> <span class=\"cat\">\u2014 Elliott &#038; Celia<\/span><br \/>\n<a href=\"http:\/\/moriahjovan.com\/talesofdunham\/extras\/familytree\/victoria-emilio\/\" target=\"_blank\" rel=\"noreferrer noopener\">Mutual Fans<\/a> <span class=\"cat\">\u2014 Victoria &#038; Emilio<\/span><br \/>\n<a href=\"https:\/\/moriahjovan.com\/talesofdunham\/extras\/familytree\/etienne-tess\/\" target=\"_blank\" rel=\"noreferrer noopener\">Family Reunion<\/a> <span class=\"cat\">\u2014 \u00c9tienne &#038; Tess &#038; Co.<\/span><br \/>\n<a href=\"https:\/\/moriahjovan.com\/talesofdunham\/extras\/familytree\/reflections\/\" target=\"_blank\" rel=\"noreferrer noopener\">Reflections<\/a> <span class=\"cat\">\u2014 Jack &#038; Daisy &#038; Co.<\/span><br \/>\n<a href=\"https:\/\/moriahjovan.com\/talesofdunham\/extras\/familytree\/blythe-finn\/\" target=\"_blank\" rel=\"noreferrer noopener\">Eliza and Dr. Higgins<\/a> <span class=\"cat\">\u2014 Blythe &#038; Finn &#038; Co.<\/span><br \/>\n<a href=\"http:\/\/moriahjovan.com\/talesofdunham\/extras\/familytree\/speakeasy-staff\/\" target=\"_blank\" rel=\"noreferrer noopener\">Speakeasy Staff<\/a> <span class=\"cat\">\u2014 Trey &#038; Marina<\/span><br \/>\n<a href=\"http:\/\/moriahjovan.com\/talesofdunham\/extras\/familytree\/vachel-tia\/\" target=\"_blank\" rel=\"noreferrer noopener\">Arm Candy and Diva<\/a> <span class=\"cat\">\u2014 Vachel &#038; Tia<\/span>\n<\/div>\n<div class=\"top40\">\n<div class=\"bottom15\"><span class=\"biob\"><span class=\"big115\">SOUNDTRACKS<\/span><\/span><\/div>\n<\/div>\n<div class=\"lr8\">\n<span class=\"big110\">The Proviso<\/span><br \/>\n&#160;&#160;&#160;&#160;&#160;&#160;&#160;&#160;&#160;&#160;<a title=\"The Proviso: Giselle &#038; Bryce playlist\" href=\"https:\/\/moriahjovan.com\/talesofdunham\/extras\/music\/proviso-soundtrack\/the-proviso-gb\/\" target=\"_blank\" rel=\"noreferrer noopener\">Giselle &#038; Bryce<\/a><br \/>\n&#160;&#160;&#160;&#160;&#160;&#160;&#160;&#160;&#160;&#160;<a title=\"The Proviso: Sebastian &#038; Eilis playlist\" href=\"https:\/\/moriahjovan.com\/talesofdunham\/extras\/music\/proviso-soundtrack\/the-proviso-se\/\" target=\"_blank\" rel=\"noreferrer noopener\">Sebastian &#038; Eilis<\/a><br \/>\n&#160;&#160;&#160;&#160;&#160;&#160;&#160;&#160;&#160;&#160;<a title=\"The Proviso: Knox &#038; Justice playlist\" href=\"https:\/\/moriahjovan.com\/talesofdunham\/extras\/music\/proviso-soundtrack\/the-proviso-kj\/\" target=\"_blank\" rel=\"noreferrer noopener\">Knox &#038; Justice<\/a><br \/>\n<a title=\"Stay playlist\" href=\"http:\/\/moriahjovan.com\/talesofdunham\/extras\/music\/stay-soundtrack\/\" target=\"_blank\" rel=\"noreferrer noopener\">Stay<\/a><br \/>\n<a title=\"Magdalene playlist\" href=\"http:\/\/moriahjovan.com\/talesofdunham\/extras\/music\/magdalene-soundtrack\/\" target=\"_blank\" rel=\"noreferrer noopener\">Magdalene<\/a><br \/>\n<a title=\"Dunham playlist\" href=\"http:\/\/moriahjovan.com\/talesofdunham\/extras\/music\/dunham-soundtrack\/\" target=\"_blank\" rel=\"noreferrer noopener\">Dunham<\/a><br \/>\n<a title=\"Paso Doble playlist\" href=\"http:\/\/moriahjovan.com\/talesofdunham\/extras\/music\/paso-doble-soundtrack\/\" target=\"_blank\" rel=\"noreferrer noopener\">Paso Doble<\/a><br \/>\n<a title=\"We Were Gods playlist\" href=\"http:\/\/moriahjovan.com\/talesofdunham\/extras\/music\/we-were-gods-soundtrack\/\" target=\"_blank\" rel=\"noreferrer noopener\">We Were Gods<\/a><br \/>\n<a title=\"Black Jack playlist\" href=\"http:\/\/moriahjovan.com\/talesofdunham\/extras\/music\/black-jack-soundtrack\/\" target=\"_blank\" rel=\"noreferrer noopener\">Black Jack<\/a><br \/>\n<a title=\"Lion\u2019s Share playlist\" href=\"http:\/\/moriahjovan.com\/talesofdunham\/extras\/music\/lions-share-soundtrack\/\" target=\"_blank\" rel=\"noreferrer noopener\">Lion\u2019s Share<\/a><br \/>\n<a title=\"1520 Main playlist\" href=\"https:\/\/moriahjovan.com\/talesofdunham\/extras\/music\/1520-main-soundtrack\/\" target=\"_blank\" rel=\"noreferrer noopener\">1520 Main<\/a>\n<\/div>\n<div class=\"top50\">\n<div class=\"bottom15\"><span class=\"biob\"><span class=\"big115\">MISCELLANY<\/span><\/span><\/div>\n<\/div>\n<div class=\"lr8\">\n<span class=\"big110\">Landmarks &#038; Details<\/span><br \/>\n&#160;&#160;&#160;&#160;&#160;&#160;&#160;&#160;&#160;&#160;<a href=\"https:\/\/moriahjovan.com\/talesofdunham\/extras\/landmarks\/kcmo\/\" target=\"_blank\" rel=\"noopener noreferrer\">Out &#038; About in Kansas City<\/a> <span class=\"cat\">[work in progress]<\/em><br \/>\n&#160;&#160;&#160;&#160;&#160;&#160;&#160;&#160;&#160;&#160;<a href=\"https:\/\/moriahjovan.com\/talesofdunham\/extras\/landmarks\/dunham-tour-of-duty\/\" target=\"_blank\" rel=\"noopener noreferrer\">Dunham Tour of Duty<\/a><br \/>\n<a href=\"https:\/\/moriahjovan.com\/talesofdunham\/extras\/faq\/causes\/\" target=\"_blank\" rel=\"noreferrer noopener\">Our Causes<\/a><br \/>\n<a href=\"https:\/\/moriahjovan.com\/talesofdunham\/extras\/faq\/bibliography\/\" target=\"_blank\" rel=\"noreferrer noopener\">Bibliography<\/a><br \/>\n<a href=\"https:\/\/moriahjovan.com\/talesofdunham\/extras\/faq\/\" target=\"_blank\" rel=\"noreferrer noopener\">FAQ<\/a><br \/>\n<a href=\"https:\/\/moriahjovan.com\/talesofdunham\/swag\/\" target=\"_blank\" rel=\"noreferrer noopener\">Merch!<\/a>\n<\/div>\n<hr \/>\n<div class=\"top40\">\n<div class=\"bottom15\"><span class=\"biob\"><span class=\"big135\">KENARD CHRONICLES<\/span><\/span><\/div>\n<\/div>\n<div class=\"top18\"><span class=\"biob\">Because <em>everybody<\/em> loves Bryce Kenard<\/span> and wants to know how the church spawned such a lusty savage. Spoiler alert: It didn\u2019t. It took a lusty English knight and his savage Scots wife.<\/div>\n<div class=\"top40\">\n<div class=\"bottom15\"><span class=\"biob\"><span class=\"big115\">GENEALOGY<\/span><\/span><\/div>\n<\/div>\n<div class=\"lr8\"><a href=\"https:\/\/moriahjovan.com\/talesofdunham\/kenard\/kenard-extras\/kenard-genealogy\/grimme-brighde\/\" target=\"_blank\" rel=\"noreferrer noopener\">1420 Census<\/a> <span class=\"cat\">\u2014 Grimme &#038; Br\u00ecghde<\/span><\/div>\n<div class=\"top40\">\n<div class=\"bottom15\"><span class=\"biob\"><span class=\"big115\">PLAYLISTS<\/span><\/span><\/div>\n<\/div>\n<div class=\"lr8\"><a href=\"https:\/\/moriahjovan.com\/talesofdunham\/kenard\/kenard-extras\/soundtracks\/kenard-soundtrack\/\" target=\"_blank\" rel=\"noreferrer noopener\">Black as Knight<\/a><\/div>\n<hr \/>\n<div class=\"top40\">\n<div class=\"bottom15\"><span class=\"biob\"><span class=\"big135\">SHORT STORIES<\/span><\/span><\/div>\n<\/div>\n<div class=\"lr8\">\n<a href=\"https:\/\/moriahjovan.com\/talesofdunham\/shorts\/snuff\/\" target=\"_blank\" rel=\"noopener noreferrer\">Snuff<\/a><br \/>\n<a href=\"https:\/\/moriahjovan.com\/talesofdunham\/shorts\/dove-in-snow\/\" target=\"_blank\" rel=\"noopener noreferrer\">Dove in Snow<\/a><br \/>\n<a href=\"https:\/\/moriahjovan.com\/talesofdunham\/shorts\/satanic-cattle\/\" target=\"_blank\" rel=\"noopener noreferrer\">Satanic Cattle<\/a><br \/>\n<a href=\"https:\/\/moriahjovan.com\/talesofdunham\/shorts\/jolie-blon\/\" target=\"_blank\" rel=\"noopener noreferrer\">Jolie Blon<\/a><br \/>\n<a href=\"https:\/\/moriahjovan.com\/talesofdunham\/extras\/vignettes-outtakes\/dirty-little-secrets\/john-316\/\" target=\"_blank\" rel=\"noopener noreferrer\">John 3:16<\/a><br \/>\n<a href=\"https:\/\/moriahjovan.com\/talesofdunham\/shorts\/heavy-on-the-ice\/\" target=\"_blank\" rel=\"noopener noreferrer\">Heavy on the Ice<\/a><br \/>\n<a href=\"https:\/\/moriahjovan.com\/talesofdunham\/shorts\/dog-food\/\" target=\"_blank\" rel=\"noopener noreferrer\">Dog Food<\/a><br \/>\n<a href=\"https:\/\/moriahjovan.com\/talesofdunham\/shorts\/solsbury-hill\/\" target=\"_blank\" rel=\"noopener noreferrer\">Solsbury Hill<\/a><br \/>\n<a href=\"https:\/\/moriahjovan.com\/talesofdunham\/shorts\/the-parable-of-the-sleeping-tiger\/\" target=\"_blank\" rel=\"noopener noreferrer\">The Parable of the Sleeping Tiger<\/a><br \/>\n<a href=\"https:\/\/moriahjovan.com\/talesofdunham\/shorts\/the-parable-of-the-daisy-and-the-rose\/\" target=\"_blank\" rel=\"noopener noreferrer\">The Parable of the Daisy and the Rose<br \/>\n<a href=\"https:\/\/moriahjovan.com\/talesofdunham\/shorts\/allowme\/\" target=\"_blank\" rel=\"noreferrer noopener\">Allow Me to Introduce Myself<\/a><br \/>\n<a href=\"https:\/\/moriahjovan.com\/talesofdunham\/shorts\/god-is-a-terrible-matchmaker\/\" target=\"_blank\" rel=\"noopener noreferrer\">God is a terrible matchmaker.<\/a><br \/>\n<a href=\"https:\/\/moriahjovan.com\/talesofdunham\/shorts\/the-sack-of-rome\/\" target=\"_blank\" rel=\"noopener noreferrer\">The Sack of Rome<\/a>\n<\/div>\n<div class=\"date\">20260401<\/div>\n","protected":false},"excerpt":{"rendered":"<p>More?! So you read our story and you\u2019re looking for more of us? Why? Did we not give you enough of ourselves, bleeding our issues all over your brain? Fine. Whatever. What would you like to know? After all, we only exist to satisfy your craving for our angst. Here\u2019s the deal, though. If you [&hellip;]<\/p>\n","protected":false},"author":1,"featured_media":0,"parent":0,"menu_order":4,"comment_status":"closed","ping_status":"closed","template":"","meta":{"ngg_post_thumbnail":0,"footnotes":""},"class_list":["post-2591","page","type-page","status-publish","hentry"],"_links":{"self":[{"href":"https:\/\/moriahjovan.com\/talesofdunham\/wp-json\/wp\/v2\/pages\/2591"}],"collection":[{"href":"https:\/\/moriahjovan.com\/talesofdunham\/wp-json\/wp\/v2\/pages"}],"about":[{"href":"https:\/\/moriahjovan.com\/talesofdunham\/wp-json\/wp\/v2\/types\/page"}],"author":[{"embeddable":true,"href":"https:\/\/moriahjovan.com\/talesofdunham\/wp-json\/wp\/v2\/users\/1"}],"replies":[{"embeddable":true,"href":"https:\/\/moriahjovan.com\/talesofdunham\/wp-json\/wp\/v2\/comments?post=2591"}],"version-history":[{"count":163,"href":"https:\/\/moriahjovan.com\/talesofdunham\/wp-json\/wp\/v2\/pages\/2591\/revisions"}],"predecessor-version":[{"id":25764,"href":"https:\/\/moriahjovan.com\/talesofdunham\/wp-json\/wp\/v2\/pages\/2591\/revisions\/25764"}],"wp:attachment":[{"href":"https:\/\/moriahjovan.com\/talesofdunham\/wp-json\/wp\/v2\/media?parent=2591"}],"curies":[{"name":"wp","href":"https:\/\/api.w.org\/{rel}","templated":true}]}}