{"id":1573,"date":"2012-06-04T00:04:13","date_gmt":"2012-06-04T06:04:13","guid":{"rendered":"http:\/\/theproviso.com\/?page_id=1573"},"modified":"2026-04-04T16:29:01","modified_gmt":"2026-04-04T21:29:01","slug":"bibliography","status":"publish","type":"page","link":"https:\/\/moriahjovan.com\/talesofdunham\/extras\/bibliography\/","title":{"rendered":"Bibliography"},"content":{"rendered":"<p>A particular work might not have been mentioned directly, but may have been alluded to or otherwise referenced. It\u2019s up to you to figure out where, should you be so inclined.<\/p>\n<div class=\"top20\">\n<div class=\"left8\"><span class=\"cat\"><em>Atlas Shrugged<\/em>, Ayn Rand<br \/>\n<em>Fanny Hill<\/em>, John Cleland<br \/>\n<em>The Claiming of Sleeping Beauty<\/em>, Anne Rice<br \/>\n<em>Story of O<\/em>, Pauline R\u00e9age<br \/>\n<em>Tropic of Cancer<\/em>, Henry Miller<br \/>\n<em>National Review<\/em><br \/>\n<em>Hamlet<\/em>, William Shakespeare<br \/>\n<em>A Man in Full<\/em>, Tom Wolfe<br \/>\n<em>The Bonfire of the Vanities<\/em>, Tom Wolfe<br \/>\n<em>The Island of the Day Before<\/em>, Umberto Eco<br \/>\n<em>The Wall Street Journal<\/em><br \/>\n<em>Democracy in America<\/em>, Alexis de Tocqueville<br \/>\n<em>The Federalist Papers<\/em>, Alexander Hamilton, James Madison, John Jay<br \/>\n<em>Romeo and Juliet<\/em>, William Shakespeare<br \/>\nHoly Bible: King James Version<br \/>\n<em>The Complete Fairy Tales of the Brothers Grimm<\/em><br \/>\nBook of Mormon, Doctrine &#038; Covenants, The Pearl of Great Price<br \/>\n<em>A Tale of Two Cities<\/em>, Charles Dickens<br \/>\nThe Complete Little House Nine-Book Set, Laura Ingalls Wilder<br \/>\n<em>Lolita<\/em>, Vladimir Nabokov<br \/>\n<em>What to Expect When You\u2019re Expecting<\/em>, Heidi Murkoff and Sharon Mazel<br \/>\n<em>Lamb: The Gospel According to Biff, Christ\u2019s Childhood Pal<\/em>, Christopher Moore<br \/>\n<em>The Miracle of Forgiveness<\/em>, Spencer W. Kimball<br \/>\n<em>The Corinthian<\/em>, Georgette Heyer<br \/>\n<em>The Communist Manifesto<\/em>, Karl Marx and Friedrich Engels<br \/>\n<em>Gertrude and Claudius<\/em>, John Updike<br \/>\n<em>The Art of War<\/em>, Sun Tzu<br \/>\n<em>The Fountainhead<\/em>, Ayn Rand<br \/>\n<em>Anthem<\/em>, Ayn Rand<br \/>\n<em>Intercourse<\/em>, Andrea Dworkin<br \/>\n<em>Everything You Ever Wanted to Know About Sex (But Were Afraid to Ask)<\/em>, David R. Reuben, MD<br \/>\n<em>The Handmaid\u2019s Tale<\/em> by Margaret Atwood<br \/>\n<em>Pygmalion<\/em> by George Bernard Shaw<br \/>\n<em>Women Who Run With the Wolves<\/em> by Clarissa Pinkola Est\u00e9s<br \/>\n<em>Mistress of Mellyn<\/em> by Victoria Holt<br \/>\n<em>Mirages: The Unexpurgated Diary of Ana\u00efs Nin 1939\u20131947<\/em> by Ana\u00efs Nin<br \/>\n<em>The Lust Lizard of Melancholy Cove<\/em> by Christopher Moore<br \/>\n<em>Porter Rockwell<\/em> by Richard Lloyd Dewey<br \/>\n<em>The Tennis Partner<\/em> by Abraham Verghese<br \/>\n<em>Little House in the Big Woods<\/em>, Laura Ingalls Wilder<br \/>\n<em>Farmer Boy<\/em>, Laura Ingalls Wilder<br \/>\n<em>Little House on the Prairie<\/em>, Laura Ingalls Wilder<br \/>\n<em>On the Banks of Plum Creek<\/em>, Laura Ingalls Wilder<br \/>\n<em>By the Shores of Silver Lake<\/em>, Laura Ingalls Wilder<br \/>\n<em>The Long Winter<\/em>, Laura Ingalls Wilder<br \/>\n<em>Little Town on the Prairie<\/em>, Laura Ingalls Wilder<br \/>\n<em>These Happy Golden Years<\/em>, Laura Ingalls Wilder<br \/>\n<em>West from Home: Letters of Laura Ingalls Wilder, San Francisco<\/em>, Laura Ingalls Wilder<br \/>\n<em>A Little House Traveler: Writings from Laura Ingalls Wilder\u2019s Journeys Across America<\/em>, Laura Ingalls Wilder<br \/>\n<em>Little House Sampler<\/em>, Laura Ingalls Wilder and Rose Wilder Lane<br \/>\n<em>Young Pioneers<\/em>, Rose Wilder Lane<br \/>\n<em>Free Land<\/em>, Rose Wilder Lane<br \/>\n<em>The Ghost in the Little House: A Life of Rose Wilder Lane (Missouri Biography)<\/em>, William Holtz<br \/>\n<em>Laura Ingalls Wilder: A Writer\u2019s Life (South Dakota Biography)<\/em>, Pamela Smith Hill<br \/>\n<em>Laura Ingalls Wilder: A Biography<\/em>, William T. Anderson<br \/>\n<em>Laura: The Life of Laura Ingalls Wilder<\/em>, Donald Zochert<br \/>\n<em>Laura Ingalls Wilder and Rose Wilder Lane<\/em>, John E. Miller<br \/>\n<em>The Discovery of Freedom: Man\u2019s Struggle Against Authority<\/em>, Rose Wilder Lane<br \/>\n<em>Give Me Liberty<\/em>, Rose Wilder Lane<br \/>\n<em>The God of the Machine<\/em>, Isabel Paterson<br \/>\n<em>We the Living<\/em>, Ayn Rand<br \/>\n<em>Anthem<\/em>, Ayn Rand<br \/>\n<em>The Woman and the Dynamo: Isabel Paterson and the Idea of America<\/em>, Stephen Cox<br \/>\n<em>Fear and Trembling and The Book on Adler (Everyman\u2019s Library)<\/em>, Soren Kierkegaard<br \/>\n<em>Ang\u00e9lique, the Marquise of the Angels<\/em>, Sergeanne Golon<br \/>\n<em>Everyday Life in Colonial America<\/em>, Dale Taylor<br \/>\n<em>Everyday Life of Early America<\/em>, David Freeman Hawke<br \/>\n<em>Heroines &#038; Harlots: Women at Sea in the Great Age of Sail<\/em>, David Cordingly<br \/>\n<em>Seafaring Women: Adventures of Pirate Queens, Female Stowaways, and Sailors\u2019 Wives<\/em>, David Cordingly<br \/>\n<em>The Declaration of Independence<\/em> Sam Fink<br \/>\n<em>Fighting at Sea in the Eighteenth Century: The Art of Sailing Warfare<\/em>, Sam Willis<br \/>\n<em>Stephen Biesty\u2019s Cross-Sections: Man-Of-War<\/em>, Richard Platt<br \/>\n<em>1776<\/em>, David McCullough<br \/>\n<em>Crucible of War: The Seven Years\u2019 War and the Fate of Empire in British North America, 1754\u20131766<\/em>, Fred Anderson<br \/>\n<em>America\u2019s Forgotten History, Part 1: Foundations<\/em>, Mark David Ledbetter<br \/>\n<em>America\u2019s Forgotten History, Part 2: Rupture<\/em>, Mark David Ledbetter<br \/>\n<em>Death in the Afternoon<\/em>, Ernest Hemingway<br \/>\n<em>Jos\u00e9 Tom\u00e1s: Serenata de un amanecer<\/em>, Anya Bartels-Suermondt<br \/>\n<em>Di\u00e1logo con Navegante<\/em>, Jos\u00e9 Tom\u00e1s Rom\u00e1n Mart\u00edn<\/em><br \/>\n<em>The Skeleton Crew<\/em>, \u201cThe Mist,\u201d Stephen King<br \/>\n<\/span><\/div>\n<\/div>\n<div class=\"date\">20260404<\/div>\n","protected":false},"excerpt":{"rendered":"<p>A particular work might not have been mentioned directly, but may have been alluded to or otherwise referenced. It\u2019s up to you to figure out where, should you be so inclined. Atlas Shrugged, Ayn Rand Fanny Hill, John Cleland The Claiming of Sleeping Beauty, Anne Rice Story of O, Pauline R\u00e9age Tropic of Cancer, Henry [&hellip;]<\/p>\n","protected":false},"author":1,"featured_media":0,"parent":2591,"menu_order":49,"comment_status":"open","ping_status":"closed","template":"","meta":{"ngg_post_thumbnail":0,"footnotes":""},"class_list":["post-1573","page","type-page","status-publish","hentry"],"_links":{"self":[{"href":"https:\/\/moriahjovan.com\/talesofdunham\/wp-json\/wp\/v2\/pages\/1573"}],"collection":[{"href":"https:\/\/moriahjovan.com\/talesofdunham\/wp-json\/wp\/v2\/pages"}],"about":[{"href":"https:\/\/moriahjovan.com\/talesofdunham\/wp-json\/wp\/v2\/types\/page"}],"author":[{"embeddable":true,"href":"https:\/\/moriahjovan.com\/talesofdunham\/wp-json\/wp\/v2\/users\/1"}],"replies":[{"embeddable":true,"href":"https:\/\/moriahjovan.com\/talesofdunham\/wp-json\/wp\/v2\/comments?post=1573"}],"version-history":[{"count":28,"href":"https:\/\/moriahjovan.com\/talesofdunham\/wp-json\/wp\/v2\/pages\/1573\/revisions"}],"predecessor-version":[{"id":26033,"href":"https:\/\/moriahjovan.com\/talesofdunham\/wp-json\/wp\/v2\/pages\/1573\/revisions\/26033"}],"up":[{"embeddable":true,"href":"https:\/\/moriahjovan.com\/talesofdunham\/wp-json\/wp\/v2\/pages\/2591"}],"wp:attachment":[{"href":"https:\/\/moriahjovan.com\/talesofdunham\/wp-json\/wp\/v2\/media?parent=1573"}],"curies":[{"name":"wp","href":"https:\/\/api.w.org\/{rel}","templated":true}]}}